{"id":2914,"date":"2021-12-15T15:45:34","date_gmt":"2021-12-15T15:45:34","guid":{"rendered":"https:\/\/dev.ideos.cat\/yvonne\/consentimientos-legales\/"},"modified":"2022-04-14T12:51:34","modified_gmt":"2022-04-14T12:51:34","slug":"consentimientos-legales","status":"publish","type":"page","link":"https:\/\/yvonneliebster.com\/en\/consentimientos-legales\/","title":{"rendered":"Consentimientos legales"},"content":{"rendered":"\t\t<div data-elementor-type=\"wp-page\" data-elementor-id=\"2914\" class=\"elementor elementor-2914 elementor-272\" data-elementor-post-type=\"page\">\n\t\t\t\t\t\t<section class=\"elementor-section elementor-top-section elementor-element elementor-element-f1749d5 elementor-section-stretched elementor-section-boxed elementor-section-height-default elementor-section-height-default\" data-id=\"f1749d5\" data-element_type=\"section\" data-e-type=\"section\" data-settings=\"{&quot;stretch_section&quot;:&quot;section-stretched&quot;}\">\n\t\t\t\t\t\t<div class=\"elementor-container elementor-column-gap-extended\">\n\t\t\t\t\t<div class=\"elementor-column elementor-col-100 elementor-top-column elementor-element elementor-element-307246c\" data-id=\"307246c\" data-element_type=\"column\" data-e-type=\"column\">\n\t\t\t<div class=\"elementor-widget-wrap elementor-element-populated\">\n\t\t\t\t\t\t<section class=\"elementor-section elementor-inner-section elementor-element elementor-element-4cceb17 elementor-section-boxed elementor-section-height-default elementor-section-height-default\" data-id=\"4cceb17\" data-element_type=\"section\" data-e-type=\"section\">\n\t\t\t\t\t\t<div class=\"elementor-container elementor-column-gap-default\">\n\t\t\t\t\t<div class=\"elementor-column elementor-col-50 elementor-inner-column elementor-element elementor-element-47543c8\" data-id=\"47543c8\" data-element_type=\"column\" data-e-type=\"column\">\n\t\t\t<div class=\"elementor-widget-wrap elementor-element-populated\">\n\t\t\t\t\t\t<div class=\"elementor-element elementor-element-8e316f7 elementor-widget elementor-widget-heading\" data-id=\"8e316f7\" data-element_type=\"widget\" data-e-type=\"widget\" data-widget_type=\"heading.default\">\n\t\t\t\t<div class=\"elementor-widget-container\">\n\t\t\t\t\t<h2 class=\"elementor-heading-title elementor-size-default\">Formulario<br>\nde contacto<\/h2>\t\t\t\t<\/div>\n\t\t\t\t<\/div>\n\t\t\t\t\t<\/div>\n\t\t<\/div>\n\t\t\t\t<div class=\"elementor-column elementor-col-50 elementor-inner-column elementor-element elementor-element-9856e52\" data-id=\"9856e52\" data-element_type=\"column\" data-e-type=\"column\" data-settings=\"{&quot;background_background&quot;:&quot;gradient&quot;}\">\n\t\t\t<div class=\"elementor-widget-wrap elementor-element-populated\">\n\t\t\t\t\t\t<div class=\"elementor-element elementor-element-5ff48cd elementor-widget elementor-widget-heading\" data-id=\"5ff48cd\" data-element_type=\"widget\" data-e-type=\"widget\" data-widget_type=\"heading.default\">\n\t\t\t\t<div class=\"elementor-widget-container\">\n\t\t\t\t\t<span class=\"elementor-heading-title elementor-size-default\">Informaci\u00f3n b\u00e1sica sobre protecci\u00f3n de datos personales.<\/span>\t\t\t\t<\/div>\n\t\t\t\t<\/div>\n\t\t\t\t<div class=\"elementor-element elementor-element-54b70a2 elementor-widget elementor-widget-text-editor\" data-id=\"54b70a2\" data-element_type=\"widget\" data-e-type=\"widget\" data-widget_type=\"text-editor.default\">\n\t\t\t\t<div class=\"elementor-widget-container\">\n\t\t\t\t\t\t\t\t\t<p><strong>Responsable:<\/strong> YVONNE LIEBSTER\u00a0<br \/><strong>Finalidad:<\/strong> Gesti\u00f3n del formulario de contacto.<br \/><strong>Legitimaci\u00f3n:<\/strong> Consentimiento expreso prestado al marcar \u201cHe le\u00eddo y acepto la pol\u00edtica de<br \/>privacidad\u201d.<br \/><strong>Destinatarios:<\/strong> Cesiones y\/o transferencias a terceras empresas y\/o organismos tal y como se<br \/>indica en la informaci\u00f3n adicional.<br \/><strong>Derechos:<\/strong> Acceso, rectificaci\u00f3n, oposici\u00f3n, limitaci\u00f3n, as\u00ed como otros derechos debidamente<br \/>recogidos en la informaci\u00f3n adicional.<br \/><strong>+ Informaci\u00f3n:<\/strong> Puede consultar informaci\u00f3n adicional al respecto a trav\u00e9s del siguiente enlace:<br \/><a href=\"https:\/\/yvonneliebster.com\/en\/politica-de-privacidad\/\/\"><span style=\"color: #7aa127;\"><strong>POLITICA PRIVACIDAD<\/strong><\/span><\/a>.<\/p>\t\t\t\t\t\t\t\t<\/div>\n\t\t\t\t<\/div>\n\t\t\t\t\t<\/div>\n\t\t<\/div>\n\t\t\t\t\t<\/div>\n\t\t<\/section>\n\t\t\t\t\t<\/div>\n\t\t<\/div>\n\t\t\t\t\t<\/div>\n\t\t<\/section>\n\t\t\t\t<section class=\"elementor-section elementor-top-section elementor-element elementor-element-9851fd7 elementor-section-stretched elementor-section-boxed elementor-section-height-default elementor-section-height-default\" data-id=\"9851fd7\" data-element_type=\"section\" data-e-type=\"section\" data-settings=\"{&quot;stretch_section&quot;:&quot;section-stretched&quot;}\">\n\t\t\t\t\t\t<div class=\"elementor-container elementor-column-gap-extended\">\n\t\t\t\t\t<div class=\"elementor-column elementor-col-100 elementor-top-column elementor-element elementor-element-1e196ca\" data-id=\"1e196ca\" data-element_type=\"column\" data-e-type=\"column\">\n\t\t\t<div class=\"elementor-widget-wrap elementor-element-populated\">\n\t\t\t\t\t\t<section class=\"elementor-section elementor-inner-section elementor-element elementor-element-c1c68e8 elementor-section-boxed elementor-section-height-default elementor-section-height-default\" data-id=\"c1c68e8\" data-element_type=\"section\" data-e-type=\"section\">\n\t\t\t\t\t\t<div class=\"elementor-container elementor-column-gap-default\">\n\t\t\t\t\t<div class=\"elementor-column elementor-col-50 elementor-inner-column elementor-element elementor-element-e86f5e6\" data-id=\"e86f5e6\" data-element_type=\"column\" data-e-type=\"column\">\n\t\t\t<div class=\"elementor-widget-wrap elementor-element-populated\">\n\t\t\t\t\t\t<div class=\"elementor-element elementor-element-e870238 elementor-widget elementor-widget-heading\" data-id=\"e870238\" data-element_type=\"widget\" data-e-type=\"widget\" data-widget_type=\"heading.default\">\n\t\t\t\t<div class=\"elementor-widget-container\">\n\t\t\t\t\t<h2 class=\"elementor-heading-title elementor-size-default\">Formulario<br>\nde reservas<\/h2>\t\t\t\t<\/div>\n\t\t\t\t<\/div>\n\t\t\t\t\t<\/div>\n\t\t<\/div>\n\t\t\t\t<div class=\"elementor-column elementor-col-50 elementor-inner-column elementor-element elementor-element-f5b4bbe\" data-id=\"f5b4bbe\" data-element_type=\"column\" data-e-type=\"column\" data-settings=\"{&quot;background_background&quot;:&quot;gradient&quot;}\">\n\t\t\t<div class=\"elementor-widget-wrap elementor-element-populated\">\n\t\t\t\t\t\t<div class=\"elementor-element elementor-element-df5e0d8 elementor-widget elementor-widget-heading\" data-id=\"df5e0d8\" data-element_type=\"widget\" data-e-type=\"widget\" data-widget_type=\"heading.default\">\n\t\t\t\t<div class=\"elementor-widget-container\">\n\t\t\t\t\t<span class=\"elementor-heading-title elementor-size-default\">Informaci\u00f3n b\u00e1sica sobre protecci\u00f3n de datos personales.<\/span>\t\t\t\t<\/div>\n\t\t\t\t<\/div>\n\t\t\t\t<div class=\"elementor-element elementor-element-783674a elementor-widget elementor-widget-text-editor\" data-id=\"783674a\" data-element_type=\"widget\" data-e-type=\"widget\" data-widget_type=\"text-editor.default\">\n\t\t\t\t<div class=\"elementor-widget-container\">\n\t\t\t\t\t\t\t\t\t<p><strong>Responsable:<\/strong> YVONNE LIEBSTER\u00a0<br \/><strong>Finalidad:<\/strong> Gesti\u00f3n de reservas.<br \/><strong>Legitimaci\u00f3n:<\/strong> Consentimiento expreso prestado al marcar \u201cHe le\u00eddo y acepto la pol\u00edtica de<br \/>privacidad\u201d.<br \/><strong>Destinatarios:<\/strong> Cesiones y\/o transferencias a terceras empresas y\/o organismos tal y como se<br \/>indica en la informaci\u00f3n adicional.<br \/><strong>Derechos:<\/strong> Acceso, rectificaci\u00f3n, oposici\u00f3n, limitaci\u00f3n, as\u00ed como otros derechos debidamente<br \/>recogidos en la informaci\u00f3n adicional.<br \/><strong>+ Informaci\u00f3n:<\/strong> Puede consultar informaci\u00f3n adicional al respecto a trav\u00e9s del siguiente enlace:<br \/><a href=\"https:\/\/yvonneliebster.com\/en\/politica-de-privacidad\/\"><span style=\"color: #7aa127;\"><strong>POLITICA PRIVACIDAD<\/strong><\/span><\/a>.<\/p>\t\t\t\t\t\t\t\t<\/div>\n\t\t\t\t<\/div>\n\t\t\t\t\t<\/div>\n\t\t<\/div>\n\t\t\t\t\t<\/div>\n\t\t<\/section>\n\t\t\t\t\t<\/div>\n\t\t<\/div>\n\t\t\t\t\t<\/div>\n\t\t<\/section>\n\t\t\t\t<section class=\"elementor-section elementor-top-section elementor-element elementor-element-c84a762 elementor-section-stretched elementor-section-boxed elementor-section-height-default elementor-section-height-default\" data-id=\"c84a762\" data-element_type=\"section\" data-e-type=\"section\" data-settings=\"{&quot;stretch_section&quot;:&quot;section-stretched&quot;}\">\n\t\t\t\t\t\t<div class=\"elementor-container elementor-column-gap-extended\">\n\t\t\t\t\t<div class=\"elementor-column elementor-col-100 elementor-top-column elementor-element elementor-element-635c281\" data-id=\"635c281\" data-element_type=\"column\" data-e-type=\"column\">\n\t\t\t<div class=\"elementor-widget-wrap elementor-element-populated\">\n\t\t\t\t\t\t<section class=\"elementor-section elementor-inner-section elementor-element elementor-element-14dc637 elementor-section-boxed elementor-section-height-default elementor-section-height-default\" data-id=\"14dc637\" data-element_type=\"section\" data-e-type=\"section\">\n\t\t\t\t\t\t<div class=\"elementor-container elementor-column-gap-default\">\n\t\t\t\t\t<div class=\"elementor-column elementor-col-50 elementor-inner-column elementor-element elementor-element-1eaac1d\" data-id=\"1eaac1d\" data-element_type=\"column\" data-e-type=\"column\">\n\t\t\t<div class=\"elementor-widget-wrap elementor-element-populated\">\n\t\t\t\t\t\t<div class=\"elementor-element elementor-element-dc6a06c elementor-widget elementor-widget-heading\" data-id=\"dc6a06c\" data-element_type=\"widget\" data-e-type=\"widget\" data-widget_type=\"heading.default\">\n\t\t\t\t<div class=\"elementor-widget-container\">\n\t\t\t\t\t<h2 class=\"elementor-heading-title elementor-size-default\">Formulario\nnewsletter<\/h2>\t\t\t\t<\/div>\n\t\t\t\t<\/div>\n\t\t\t\t\t<\/div>\n\t\t<\/div>\n\t\t\t\t<div class=\"elementor-column elementor-col-50 elementor-inner-column elementor-element elementor-element-3aafcdf\" data-id=\"3aafcdf\" data-element_type=\"column\" data-e-type=\"column\" data-settings=\"{&quot;background_background&quot;:&quot;gradient&quot;}\">\n\t\t\t<div class=\"elementor-widget-wrap elementor-element-populated\">\n\t\t\t\t\t\t<div class=\"elementor-element elementor-element-cd28d45 elementor-widget elementor-widget-heading\" data-id=\"cd28d45\" data-element_type=\"widget\" data-e-type=\"widget\" data-widget_type=\"heading.default\">\n\t\t\t\t<div class=\"elementor-widget-container\">\n\t\t\t\t\t<span class=\"elementor-heading-title elementor-size-default\">Informaci\u00f3n b\u00e1sica sobre protecci\u00f3n de datos personales.<\/span>\t\t\t\t<\/div>\n\t\t\t\t<\/div>\n\t\t\t\t<div class=\"elementor-element elementor-element-bcbb2a9 elementor-widget elementor-widget-text-editor\" data-id=\"bcbb2a9\" data-element_type=\"widget\" data-e-type=\"widget\" data-widget_type=\"text-editor.default\">\n\t\t\t\t<div class=\"elementor-widget-container\">\n\t\t\t\t\t\t\t\t\t<p><strong>Responsable:<\/strong> YVONNE LIEBSTER\u00a0<br \/><strong>Finalidad:<\/strong> Gesti\u00f3n de env\u00edo de informaci\u00f3n comercial.<br \/><strong>Legitimaci\u00f3n:<\/strong> Consentimiento expreso prestado al marcar \u201cHe le\u00eddo y acepto la pol\u00edtica de<br \/>privacidad\u201d.<br \/><strong>Destinatarios:<\/strong> Cesiones y\/o transferencias a terceras empresas y\/o organismos tal y como se<br \/>indica en la informaci\u00f3n adicional.<br \/><strong>Derechos:<\/strong> Acceso, rectificaci\u00f3n, oposici\u00f3n, limitaci\u00f3n, as\u00ed como otros derechos debidamente<br \/>recogidos en la informaci\u00f3n adicional.<br \/><strong>+ Informaci\u00f3n:<\/strong> Puede consultar informaci\u00f3n adicional al respecto a trav\u00e9s del siguiente enlace:<br \/><a href=\"https:\/\/yvonneliebster.com\/en\/politica-de-privacidad\/\"><span style=\"color: #7aa127;\"><strong>POLITICA PRIVACIDAD<\/strong><\/span><\/a>.<\/p>\t\t\t\t\t\t\t\t<\/div>\n\t\t\t\t<\/div>\n\t\t\t\t\t<\/div>\n\t\t<\/div>\n\t\t\t\t\t<\/div>\n\t\t<\/section>\n\t\t\t\t\t<\/div>\n\t\t<\/div>\n\t\t\t\t\t<\/div>\n\t\t<\/section>\n\t\t\t\t<section class=\"elementor-section elementor-top-section elementor-element elementor-element-1f67336 elementor-section-stretched elementor-section-boxed elementor-section-height-default elementor-section-height-default\" data-id=\"1f67336\" data-element_type=\"section\" data-e-type=\"section\" data-settings=\"{&quot;stretch_section&quot;:&quot;section-stretched&quot;}\">\n\t\t\t\t\t\t<div class=\"elementor-container elementor-column-gap-extended\">\n\t\t\t\t\t<div class=\"elementor-column elementor-col-100 elementor-top-column elementor-element elementor-element-3437457\" data-id=\"3437457\" data-element_type=\"column\" data-e-type=\"column\">\n\t\t\t<div class=\"elementor-widget-wrap elementor-element-populated\">\n\t\t\t\t\t\t<section class=\"elementor-section elementor-inner-section elementor-element elementor-element-0c193a4 elementor-section-boxed elementor-section-height-default elementor-section-height-default\" data-id=\"0c193a4\" data-element_type=\"section\" data-e-type=\"section\">\n\t\t\t\t\t\t<div class=\"elementor-container elementor-column-gap-default\">\n\t\t\t\t\t<div class=\"elementor-column elementor-col-50 elementor-inner-column elementor-element elementor-element-b030cf1\" data-id=\"b030cf1\" data-element_type=\"column\" data-e-type=\"column\">\n\t\t\t<div class=\"elementor-widget-wrap elementor-element-populated\">\n\t\t\t\t\t\t<div class=\"elementor-element elementor-element-d01d1ed elementor-widget elementor-widget-heading\" data-id=\"d01d1ed\" data-element_type=\"widget\" data-e-type=\"widget\" data-widget_type=\"heading.default\">\n\t\t\t\t<div class=\"elementor-widget-container\">\n\t\t\t\t\t<h2 class=\"elementor-heading-title elementor-size-default\">E-mail<br>newsletter<\/h2>\t\t\t\t<\/div>\n\t\t\t\t<\/div>\n\t\t\t\t\t<\/div>\n\t\t<\/div>\n\t\t\t\t<div class=\"elementor-column elementor-col-50 elementor-inner-column elementor-element elementor-element-ecd6a11\" data-id=\"ecd6a11\" data-element_type=\"column\" data-e-type=\"column\" data-settings=\"{&quot;background_background&quot;:&quot;gradient&quot;}\">\n\t\t\t<div class=\"elementor-widget-wrap elementor-element-populated\">\n\t\t\t\t\t\t<div class=\"elementor-element elementor-element-ab1d272 elementor-widget elementor-widget-heading\" data-id=\"ab1d272\" data-element_type=\"widget\" data-e-type=\"widget\" data-widget_type=\"heading.default\">\n\t\t\t\t<div class=\"elementor-widget-container\">\n\t\t\t\t\t<span class=\"elementor-heading-title elementor-size-default\">Informaci\u00f3n b\u00e1sica sobre protecci\u00f3n de datos personales.<\/span>\t\t\t\t<\/div>\n\t\t\t\t<\/div>\n\t\t\t\t<div class=\"elementor-element elementor-element-c190390 elementor-widget elementor-widget-text-editor\" data-id=\"c190390\" data-element_type=\"widget\" data-e-type=\"widget\" data-widget_type=\"text-editor.default\">\n\t\t\t\t<div class=\"elementor-widget-container\">\n\t\t\t\t\t\t\t\t\t<p><strong>Responsable:<\/strong> YVONNE LIEBSTER\u00a0<br \/><strong>Finalidad:<\/strong> Env\u00edo de informaci\u00f3n comercial.<br \/><strong>Legitimaci\u00f3n:<\/strong> Consentimiento expreso prestado previamente.<br \/><strong>Destinatarios:<\/strong> Cesiones y\/o transferencias a terceras empresas y\/o organismos tal y como se<br \/>indica en la informaci\u00f3n adicional.<br \/><strong>Derechos:<\/strong> Acceso, rectificaci\u00f3n, oposici\u00f3n, limitaci\u00f3n, as\u00ed como otros derechos debidamente<br \/>recogidos en la informaci\u00f3n adicional.<br \/><strong>+ Informaci\u00f3n:<\/strong> Puede consultar informaci\u00f3n adicional al respecto a trav\u00e9s del siguiente enlace:<br \/><a href=\"https:\/\/yvonneliebster.com\/en\/politica-de-privacidad\/\"><span style=\"color: #7aa127;\"><strong>POLITICA PRIVACIDAD<\/strong><\/span><\/a>.<\/p><p><em>Si no desea recibir m\u00e1s comunicaciones comerciales, por favor, comun\u00edquese con nosotros en el correo <a href=\"mailto:yvonne.liebster@gmail.com\">yvonne.liebster@gmail.com<\/a> poniendo en el &#8220;Asunto&#8221; del correo electr\u00f3nico &#8220;Derechos ARCO&#8221; y solicitando en el cuerpo del e-mail, la baja de nuestras comunicaciones.<\/em><\/p>\t\t\t\t\t\t\t\t<\/div>\n\t\t\t\t<\/div>\n\t\t\t\t\t<\/div>\n\t\t<\/div>\n\t\t\t\t\t<\/div>\n\t\t<\/section>\n\t\t\t\t\t<\/div>\n\t\t<\/div>\n\t\t\t\t\t<\/div>\n\t\t<\/section>\n\t\t\t\t<\/div>\n\t\t","protected":false},"excerpt":{"rendered":"<p>Formulario de contacto Informaci\u00f3n b\u00e1sica sobre protecci\u00f3n de datos personales. Responsable: YVONNE LIEBSTER\u00a0Finalidad: Gesti\u00f3n del formulario de contacto.Legitimaci\u00f3n: Consentimiento expreso prestado al marcar \u201cHe le\u00eddo y acepto la pol\u00edtica deprivacidad\u201d.Destinatarios: Cesiones y\/o transferencias a terceras empresas y\/o organismos tal y como seindica en la informaci\u00f3n adicional.Derechos: Acceso, rectificaci\u00f3n, oposici\u00f3n, limitaci\u00f3n, as\u00ed como otros derechos debidamenterecogidos [&hellip;]<\/p>\n","protected":false},"author":1,"featured_media":0,"parent":0,"menu_order":0,"comment_status":"closed","ping_status":"closed","template":"","meta":{"_acf_changed":false,"inline_featured_image":false,"site-sidebar-layout":"default","site-content-layout":"","ast-site-content-layout":"default","site-content-style":"default","site-sidebar-style":"default","ast-global-header-display":"","ast-banner-title-visibility":"","ast-main-header-display":"","ast-hfb-above-header-display":"","ast-hfb-below-header-display":"","ast-hfb-mobile-header-display":"","site-post-title":"","ast-breadcrumbs-content":"","ast-featured-img":"","footer-sml-layout":"","ast-disable-related-posts":"","theme-transparent-header-meta":"","adv-header-id-meta":"","stick-header-meta":"","header-above-stick-meta":"","header-main-stick-meta":"","header-below-stick-meta":"","astra-migrate-meta-layouts":"default","ast-page-background-enabled":"default","ast-page-background-meta":{"desktop":{"background-color":"var(--ast-global-color-4)","background-image":"","background-repeat":"repeat","background-position":"center center","background-size":"auto","background-attachment":"scroll","background-type":"","background-media":"","overlay-type":"","overlay-color":"","overlay-opacity":"","overlay-gradient":""},"tablet":{"background-color":"","background-image":"","background-repeat":"repeat","background-position":"center center","background-size":"auto","background-attachment":"scroll","background-type":"","background-media":"","overlay-type":"","overlay-color":"","overlay-opacity":"","overlay-gradient":""},"mobile":{"background-color":"","background-image":"","background-repeat":"repeat","background-position":"center center","background-size":"auto","background-attachment":"scroll","background-type":"","background-media":"","overlay-type":"","overlay-color":"","overlay-opacity":"","overlay-gradient":""}},"ast-content-background-meta":{"desktop":{"background-color":"var(--ast-global-color-5)","background-image":"","background-repeat":"repeat","background-position":"center center","background-size":"auto","background-attachment":"scroll","background-type":"","background-media":"","overlay-type":"","overlay-color":"","overlay-opacity":"","overlay-gradient":""},"tablet":{"background-color":"var(--ast-global-color-5)","background-image":"","background-repeat":"repeat","background-position":"center center","background-size":"auto","background-attachment":"scroll","background-type":"","background-media":"","overlay-type":"","overlay-color":"","overlay-opacity":"","overlay-gradient":""},"mobile":{"background-color":"var(--ast-global-color-5)","background-image":"","background-repeat":"repeat","background-position":"center center","background-size":"auto","background-attachment":"scroll","background-type":"","background-media":"","overlay-type":"","overlay-color":"","overlay-opacity":"","overlay-gradient":""}},"footnotes":""},"class_list":["post-2914","page","type-page","status-publish","hentry"],"acf":[],"_links":{"self":[{"href":"https:\/\/yvonneliebster.com\/en\/wp-json\/wp\/v2\/pages\/2914","targetHints":{"allow":["GET"]}}],"collection":[{"href":"https:\/\/yvonneliebster.com\/en\/wp-json\/wp\/v2\/pages"}],"about":[{"href":"https:\/\/yvonneliebster.com\/en\/wp-json\/wp\/v2\/types\/page"}],"author":[{"embeddable":true,"href":"https:\/\/yvonneliebster.com\/en\/wp-json\/wp\/v2\/users\/1"}],"replies":[{"embeddable":true,"href":"https:\/\/yvonneliebster.com\/en\/wp-json\/wp\/v2\/comments?post=2914"}],"version-history":[{"count":4,"href":"https:\/\/yvonneliebster.com\/en\/wp-json\/wp\/v2\/pages\/2914\/revisions"}],"predecessor-version":[{"id":4821,"href":"https:\/\/yvonneliebster.com\/en\/wp-json\/wp\/v2\/pages\/2914\/revisions\/4821"}],"wp:attachment":[{"href":"https:\/\/yvonneliebster.com\/en\/wp-json\/wp\/v2\/media?parent=2914"}],"curies":[{"name":"wp","href":"https:\/\/api.w.org\/{rel}","templated":true}]}}