{"id":6493,"date":"2021-12-22T09:49:56","date_gmt":"2021-12-22T09:49:56","guid":{"rendered":"https:\/\/yvonneliebster.com\/producto\/semi-permanent-make-up\/"},"modified":"2025-03-30T23:25:33","modified_gmt":"2025-03-30T23:25:33","slug":"semi-permanent-make-up","status":"publish","type":"product","link":"https:\/\/yvonneliebster.com\/en\/producto\/semi-permanent-make-up\/","title":{"rendered":"Semi-Permanent Make Up"},"content":{"rendered":"<p><span style=\"font-size: 16px; font-style: normal; font-weight: 400;\">La micropigmentaci\u00f3n es una t\u00e9cnica innovadora que permite realzar la belleza natural de manera duradera y segura.\u00a0 Las t\u00e9cnicas ofrecidas incluyen:<\/p>\n<ul>\n<li><span style=\"color: #899c58;\"><em>Microshading, pelo a pelo y sombreado<\/em><\/span><\/li>\n<li><span style=\"color: #899c58;\"><em>Microblading, pelo a pelo<\/em><\/span><\/li>\n<li><span style=\"color: #899c58;\"><em>Powder Brows, efecto maquillaje natural<\/em><\/span><\/li>\n<li><span style=\"color: #899c58;\"><em>Eyerliner, delineado art\u00edstico &amp; Baby<\/em><\/span><\/li>\n<li><span style=\"color: #899c58;\"><em>Espesamiento de pesta\u00f1as<\/em><\/span><\/li>\n<li><span style=\"color: #899c58;\"><em>Full lips<\/em><\/span><\/li>\n<li><span style=\"color: #899c58;\"><em>Aquarella lips<\/em><\/span><\/li>\n<li><span style=\"color: #899c58;\"><em>Neutralizaci\u00f3n de labios oscuros<\/em><\/span><\/li>\n<\/ul>\n<p><strong>Esta t\u00e9cnica es exclusivamente ofrecida por Jenly Pareja, previa cita.<\/strong><\/p>\n","protected":false},"excerpt":{"rendered":"<p>La micropigmentaci\u00f3n es una t\u00e9cnica innovadora que permite realzar la belleza natural de manera duradera y segura.\u00a0 Las t\u00e9cnicas ofrecidas incluyen: Microshading, pelo a pelo y sombreado Microblading, pelo a pelo Powder Brows, efecto maquillaje natural Eyerliner, delineado art\u00edstico &amp; Baby Espesamiento de pesta\u00f1as Full lips Aquarella lips Neutralizaci\u00f3n de labios oscuros Esta t\u00e9cnica es [&hellip;]<\/p>\n","protected":false},"featured_media":2517,"template":"","meta":{"_acf_changed":false,"inline_featured_image":false,"site-sidebar-layout":"default","site-content-layout":"default","ast-site-content-layout":"default","site-content-style":"default","site-sidebar-style":"default","ast-global-header-display":"","ast-banner-title-visibility":"","ast-main-header-display":"","ast-hfb-above-header-display":"","ast-hfb-below-header-display":"","ast-hfb-mobile-header-display":"","site-post-title":"","ast-breadcrumbs-content":"","ast-featured-img":"","footer-sml-layout":"","ast-disable-related-posts":"","theme-transparent-header-meta":"default","adv-header-id-meta":"","stick-header-meta":"","header-above-stick-meta":"","header-main-stick-meta":"","header-below-stick-meta":"","astra-migrate-meta-layouts":"default","ast-page-background-enabled":"default","ast-page-background-meta":{"desktop":{"background-color":"var(--ast-global-color-4)","background-image":"","background-repeat":"repeat","background-position":"center center","background-size":"auto","background-attachment":"scroll","background-type":"","background-media":"","overlay-type":"","overlay-color":"","overlay-opacity":"","overlay-gradient":""},"tablet":{"background-color":"","background-image":"","background-repeat":"repeat","background-position":"center center","background-size":"auto","background-attachment":"scroll","background-type":"","background-media":"","overlay-type":"","overlay-color":"","overlay-opacity":"","overlay-gradient":""},"mobile":{"background-color":"","background-image":"","background-repeat":"repeat","background-position":"center center","background-size":"auto","background-attachment":"scroll","background-type":"","background-media":"","overlay-type":"","overlay-color":"","overlay-opacity":"","overlay-gradient":""}},"ast-content-background-meta":{"desktop":{"background-color":"var(--ast-global-color-5)","background-image":"","background-repeat":"repeat","background-position":"center center","background-size":"auto","background-attachment":"scroll","background-type":"","background-media":"","overlay-type":"","overlay-color":"","overlay-opacity":"","overlay-gradient":""},"tablet":{"background-color":"var(--ast-global-color-5)","background-image":"","background-repeat":"repeat","background-position":"center center","background-size":"auto","background-attachment":"scroll","background-type":"","background-media":"","overlay-type":"","overlay-color":"","overlay-opacity":"","overlay-gradient":""},"mobile":{"background-color":"var(--ast-global-color-5)","background-image":"","background-repeat":"repeat","background-position":"center center","background-size":"auto","background-attachment":"scroll","background-type":"","background-media":"","overlay-type":"","overlay-color":"","overlay-opacity":"","overlay-gradient":""}}},"product_brand":[],"product_cat":[104],"product_tag":[],"class_list":{"0":"post-6493","1":"product","2":"type-product","3":"status-publish","4":"has-post-thumbnail","6":"product_cat-micropigmentation-en","7":"desktop-align-left","8":"tablet-align-left","9":"mobile-align-left","11":"first","12":"instock","13":"product-type-simple"},"acf":[],"_links":{"self":[{"href":"https:\/\/yvonneliebster.com\/en\/wp-json\/wp\/v2\/product\/6493","targetHints":{"allow":["GET"]}}],"collection":[{"href":"https:\/\/yvonneliebster.com\/en\/wp-json\/wp\/v2\/product"}],"about":[{"href":"https:\/\/yvonneliebster.com\/en\/wp-json\/wp\/v2\/types\/product"}],"version-history":[{"count":1,"href":"https:\/\/yvonneliebster.com\/en\/wp-json\/wp\/v2\/product\/6493\/revisions"}],"predecessor-version":[{"id":6494,"href":"https:\/\/yvonneliebster.com\/en\/wp-json\/wp\/v2\/product\/6493\/revisions\/6494"}],"wp:featuredmedia":[{"embeddable":true,"href":"https:\/\/yvonneliebster.com\/en\/wp-json\/wp\/v2\/media\/2517"}],"wp:attachment":[{"href":"https:\/\/yvonneliebster.com\/en\/wp-json\/wp\/v2\/media?parent=6493"}],"wp:term":[{"taxonomy":"product_brand","embeddable":true,"href":"https:\/\/yvonneliebster.com\/en\/wp-json\/wp\/v2\/product_brand?post=6493"},{"taxonomy":"product_cat","embeddable":true,"href":"https:\/\/yvonneliebster.com\/en\/wp-json\/wp\/v2\/product_cat?post=6493"},{"taxonomy":"product_tag","embeddable":true,"href":"https:\/\/yvonneliebster.com\/en\/wp-json\/wp\/v2\/product_tag?post=6493"}],"curies":[{"name":"wp","href":"https:\/\/api.w.org\/{rel}","templated":true}]}}