{"id":4810,"date":"2023-06-29T08:19:14","date_gmt":"2023-06-29T08:19:14","guid":{"rendered":"https:\/\/yvonneliebster.com\/accessibility-statement\/"},"modified":"2024-07-05T08:48:46","modified_gmt":"2024-07-05T08:48:46","slug":"declaration-daccessibilite","status":"publish","type":"page","link":"https:\/\/yvonneliebster.com\/fr\/declaration-daccessibilite\/","title":{"rendered":"D\u00e9claration d&rsquo;accessibilit\u00e9"},"content":{"rendered":"\t\t<div data-elementor-type=\"wp-page\" data-elementor-id=\"4810\" class=\"elementor elementor-4810 elementor-3788\" data-elementor-post-type=\"page\">\n\t\t\t\t\t\t<section class=\"elementor-section elementor-top-section elementor-element elementor-element-d1f7013 elementor-section-boxed elementor-section-height-default elementor-section-height-default\" data-id=\"d1f7013\" data-element_type=\"section\" data-e-type=\"section\">\n\t\t\t\t\t\t<div class=\"elementor-container elementor-column-gap-default\">\n\t\t\t\t\t<div class=\"elementor-column elementor-col-100 elementor-top-column elementor-element elementor-element-2538744\" data-id=\"2538744\" data-element_type=\"column\" data-e-type=\"column\">\n\t\t\t<div class=\"elementor-widget-wrap elementor-element-populated\">\n\t\t\t\t\t\t<div class=\"elementor-element elementor-element-80257e0 elementor-widget elementor-widget-text-editor\" data-id=\"80257e0\" data-element_type=\"widget\" data-e-type=\"widget\" data-widget_type=\"text-editor.default\">\n\t\t\t\t<div class=\"elementor-widget-container\">\n\t\t\t\t\t\t\t\t\t<h1>D\u00e9claration d&rsquo;accessibilit\u00e9\u00a0<\/h1><p>La d\u00e9claration d&rsquo;accessibilit\u00e9 Web avec le balisage et le plug-in One Click Accessibility (OCA) garantit que les utilisateurs de notre site Web b\u00e9n\u00e9ficient d&rsquo;une exp\u00e9rience de navigation sans entrave. Le marquage et le plug-in OCA fournissent un environnement de navigation facile \u00e0 lire et \u00e0 comprendre pour les utilisateurs handicap\u00e9s, notamment ceux ayant des troubles visuels, auditifs, physiques, cognitifs et d&rsquo;apprentissage. Le balisage et le plug-in OCA fournissent des outils pour am\u00e9liorer l&rsquo;accessibilit\u00e9, notamment\u00a0:<\/p><h2>D\u00e9claration d&rsquo;accessibilit\u00e9 HTML<\/h2><p>Les balises HTML des pages Web incluent les balises de titre, les en-t\u00eates, les listes, les balises d&rsquo;image et les liens. Ces balises fournissent une structure \u00e0 la page Web afin que les utilisateurs handicap\u00e9s puissent naviguer plus facilement dans le contenu.<\/p><h2>Plugin OCA<\/h2><p>Le plugin OCA fournit des outils pour am\u00e9liorer l&rsquo;accessibilit\u00e9 pour les utilisateurs handicap\u00e9s. Ces outils incluent une option pour agrandir la taille du texte, une option pour lire le contenu \u00e0 haute voix, une option pour modifier les couleurs de police et d&rsquo;arri\u00e8re-plan, une option pour modifier les d\u00e9lais d&rsquo;attente et une option pour d\u00e9sactiver les effets d&rsquo;animation. . Ces outils permettent aux utilisateurs de personnaliser le contenu selon leurs besoins pour une meilleure exp\u00e9rience utilisateur.<\/p>\t\t\t\t\t\t\t\t<\/div>\n\t\t\t\t<\/div>\n\t\t\t\t\t<\/div>\n\t\t<\/div>\n\t\t\t\t\t<\/div>\n\t\t<\/section>\n\t\t\t\t<\/div>\n\t\t","protected":false},"excerpt":{"rendered":"<p>D\u00e9claration d&rsquo;accessibilit\u00e9\u00a0 La d\u00e9claration d&rsquo;accessibilit\u00e9 Web avec le balisage et le plug-in One Click Accessibility (OCA) garantit que les utilisateurs de notre site Web b\u00e9n\u00e9ficient d&rsquo;une exp\u00e9rience de navigation sans entrave. Le marquage et le plug-in OCA fournissent un environnement de navigation facile \u00e0 lire et \u00e0 comprendre pour les utilisateurs handicap\u00e9s, notamment ceux ayant [&hellip;]<\/p>\n","protected":false},"author":1,"featured_media":0,"parent":0,"menu_order":0,"comment_status":"closed","ping_status":"closed","template":"elementor_header_footer","meta":{"_acf_changed":false,"inline_featured_image":false,"site-sidebar-layout":"no-sidebar","site-content-layout":"page-builder","ast-site-content-layout":"default","site-content-style":"default","site-sidebar-style":"default","ast-global-header-display":"","ast-banner-title-visibility":"","ast-main-header-display":"","ast-hfb-above-header-display":"","ast-hfb-below-header-display":"","ast-hfb-mobile-header-display":"","site-post-title":"disabled","ast-breadcrumbs-content":"","ast-featured-img":"disabled","footer-sml-layout":"","ast-disable-related-posts":"","theme-transparent-header-meta":"","adv-header-id-meta":"","stick-header-meta":"","header-above-stick-meta":"","header-main-stick-meta":"","header-below-stick-meta":"","astra-migrate-meta-layouts":"set","ast-page-background-enabled":"default","ast-page-background-meta":{"desktop":{"background-color":"var(--ast-global-color-4)","background-image":"","background-repeat":"repeat","background-position":"center center","background-size":"auto","background-attachment":"scroll","background-type":"","background-media":"","overlay-type":"","overlay-color":"","overlay-opacity":"","overlay-gradient":""},"tablet":{"background-color":"","background-image":"","background-repeat":"repeat","background-position":"center center","background-size":"auto","background-attachment":"scroll","background-type":"","background-media":"","overlay-type":"","overlay-color":"","overlay-opacity":"","overlay-gradient":""},"mobile":{"background-color":"","background-image":"","background-repeat":"repeat","background-position":"center center","background-size":"auto","background-attachment":"scroll","background-type":"","background-media":"","overlay-type":"","overlay-color":"","overlay-opacity":"","overlay-gradient":""}},"ast-content-background-meta":{"desktop":{"background-color":"var(--ast-global-color-5)","background-image":"","background-repeat":"repeat","background-position":"center center","background-size":"auto","background-attachment":"scroll","background-type":"","background-media":"","overlay-type":"","overlay-color":"","overlay-opacity":"","overlay-gradient":""},"tablet":{"background-color":"var(--ast-global-color-5)","background-image":"","background-repeat":"repeat","background-position":"center center","background-size":"auto","background-attachment":"scroll","background-type":"","background-media":"","overlay-type":"","overlay-color":"","overlay-opacity":"","overlay-gradient":""},"mobile":{"background-color":"var(--ast-global-color-5)","background-image":"","background-repeat":"repeat","background-position":"center center","background-size":"auto","background-attachment":"scroll","background-type":"","background-media":"","overlay-type":"","overlay-color":"","overlay-opacity":"","overlay-gradient":""}},"footnotes":""},"class_list":["post-4810","page","type-page","status-publish","hentry"],"acf":[],"_links":{"self":[{"href":"https:\/\/yvonneliebster.com\/fr\/wp-json\/wp\/v2\/pages\/4810","targetHints":{"allow":["GET"]}}],"collection":[{"href":"https:\/\/yvonneliebster.com\/fr\/wp-json\/wp\/v2\/pages"}],"about":[{"href":"https:\/\/yvonneliebster.com\/fr\/wp-json\/wp\/v2\/types\/page"}],"author":[{"embeddable":true,"href":"https:\/\/yvonneliebster.com\/fr\/wp-json\/wp\/v2\/users\/1"}],"replies":[{"embeddable":true,"href":"https:\/\/yvonneliebster.com\/fr\/wp-json\/wp\/v2\/comments?post=4810"}],"version-history":[{"count":5,"href":"https:\/\/yvonneliebster.com\/fr\/wp-json\/wp\/v2\/pages\/4810\/revisions"}],"predecessor-version":[{"id":5212,"href":"https:\/\/yvonneliebster.com\/fr\/wp-json\/wp\/v2\/pages\/4810\/revisions\/5212"}],"wp:attachment":[{"href":"https:\/\/yvonneliebster.com\/fr\/wp-json\/wp\/v2\/media?parent=4810"}],"curies":[{"name":"wp","href":"https:\/\/api.w.org\/{rel}","templated":true}]}}