{"id":6561,"date":"2025-03-19T21:51:36","date_gmt":"2025-03-19T21:51:36","guid":{"rendered":"https:\/\/yvonneliebster.com\/producto\/traitements-intensifs-types-de-peau-specifiques\/"},"modified":"2025-09-12T11:20:04","modified_gmt":"2025-09-12T11:20:04","slug":"traitements-intensifs-types-de-peau-specifiques","status":"publish","type":"product","link":"https:\/\/yvonneliebster.com\/fr\/producto\/traitements-intensifs-types-de-peau-specifiques\/","title":{"rendered":"Traitements intensifs Types de Peau Sp\u00e9cifiques"},"content":{"rendered":"<p><span style=\"font-size: 16px; font-style: normal; font-weight: 400;\">Peau s\u00e8che, grasse, sensible ou mature, nous avons le traitement id\u00e9al pour vous. D\u00e9couvrez la gamme compl\u00e8te des traitements faciaux Janssen Cosmetics, con\u00e7us pour chaque type de peau et chaque besoin sp\u00e9cifique. De l&rsquo;hydratation en profondeur aux traitements anti-\u00e2ge, nous personnalisons chaque s\u00e9ance afin que nos clients obtiennent les meilleurs r\u00e9sultats pour leur type de peau ::<\/span><\/p>\n<ul>\n<li><span style=\"font-size: 16px; font-style: normal; font-weight: 400;\"><span style=\"color: #899c58;\">Calmant Intense<\/span> &#8211; Peau sensible<\/span><\/li>\n<li><span style=\"font-size: 16px; font-style: normal; font-weight: 400;\"><span style=\"color: #899c58;\">Revitalisant intensif <\/span> &#8211; Peau exigeante<\/span><\/li>\n<li><span style=\"font-size: 16px; font-style: normal; font-weight: 400;\"><span style=\"color: #899c58;\">Corrective intensive<\/span> &#8211; Peau \u00e0 probl\u00e8mes de pigmentation<\/span><\/li>\n<li><span style=\"font-size: 16px; font-style: normal; font-weight: 400;\"><span style=\"color: #899c58;\">Nourrissant intensif &#8211;<\/span> &#8211; Peau mature<\/span><\/li>\n<li><span style=\"font-size: 16px; font-style: normal; font-weight: 400;\"><span style=\"color: #899c58;\">R\u00e9gulateur intensif<\/span> &#8211; Peau grasse<\/span><\/li>\n<li><span style=\"font-size: 16px; font-style: normal; font-weight: 400;\"><span style=\"color: #899c58;\">\u00c9quilibrant intensif<\/span> &#8211; Peau mixte<\/span><\/li>\n<li><span style=\"font-size: 16px; font-style: normal; font-weight: 400;\"><span style=\"color: #899c58;\">Hydratant intensif<\/span> &#8211; Peau s\u00e8che<\/span><\/li>\n<\/ul>\n","protected":false},"excerpt":{"rendered":"<p>Peau s\u00e8che, grasse, sensible ou mature, nous avons le traitement id\u00e9al pour vous. D\u00e9couvrez la gamme compl\u00e8te des traitements faciaux Janssen Cosmetics, con\u00e7us pour chaque type de peau et chaque besoin sp\u00e9cifique. De l&rsquo;hydratation en profondeur aux traitements anti-\u00e2ge, nous personnalisons chaque s\u00e9ance afin que nos clients obtiennent les meilleurs r\u00e9sultats pour leur type de [&hellip;]<\/p>\n","protected":false},"featured_media":4683,"template":"","meta":{"_acf_changed":false,"inline_featured_image":false,"site-sidebar-layout":"default","site-content-layout":"","ast-site-content-layout":"default","site-content-style":"default","site-sidebar-style":"default","ast-global-header-display":"","ast-banner-title-visibility":"","ast-main-header-display":"","ast-hfb-above-header-display":"","ast-hfb-below-header-display":"","ast-hfb-mobile-header-display":"","site-post-title":"","ast-breadcrumbs-content":"","ast-featured-img":"","footer-sml-layout":"","ast-disable-related-posts":"","theme-transparent-header-meta":"default","adv-header-id-meta":"","stick-header-meta":"","header-above-stick-meta":"","header-main-stick-meta":"","header-below-stick-meta":"","astra-migrate-meta-layouts":"set","ast-page-background-enabled":"default","ast-page-background-meta":{"desktop":{"background-color":"var(--ast-global-color-4)","background-image":"","background-repeat":"repeat","background-position":"center center","background-size":"auto","background-attachment":"scroll","background-type":"","background-media":"","overlay-type":"","overlay-color":"","overlay-opacity":"","overlay-gradient":""},"tablet":{"background-color":"","background-image":"","background-repeat":"repeat","background-position":"center center","background-size":"auto","background-attachment":"scroll","background-type":"","background-media":"","overlay-type":"","overlay-color":"","overlay-opacity":"","overlay-gradient":""},"mobile":{"background-color":"","background-image":"","background-repeat":"repeat","background-position":"center center","background-size":"auto","background-attachment":"scroll","background-type":"","background-media":"","overlay-type":"","overlay-color":"","overlay-opacity":"","overlay-gradient":""}},"ast-content-background-meta":{"desktop":{"background-color":"var(--ast-global-color-5)","background-image":"","background-repeat":"repeat","background-position":"center center","background-size":"auto","background-attachment":"scroll","background-type":"","background-media":"","overlay-type":"","overlay-color":"","overlay-opacity":"","overlay-gradient":""},"tablet":{"background-color":"var(--ast-global-color-5)","background-image":"","background-repeat":"repeat","background-position":"center center","background-size":"auto","background-attachment":"scroll","background-type":"","background-media":"","overlay-type":"","overlay-color":"","overlay-opacity":"","overlay-gradient":""},"mobile":{"background-color":"var(--ast-global-color-5)","background-image":"","background-repeat":"repeat","background-position":"center center","background-size":"auto","background-attachment":"scroll","background-type":"","background-media":"","overlay-type":"","overlay-color":"","overlay-opacity":"","overlay-gradient":""}}},"product_brand":[],"product_cat":[135],"product_tag":[],"class_list":{"0":"post-6561","1":"product","2":"type-product","3":"status-publish","4":"has-post-thumbnail","6":"product_cat-soins-du-visage","7":"desktop-align-left","8":"tablet-align-left","9":"mobile-align-left","11":"first","12":"instock","13":"purchasable","14":"product-type-simple"},"acf":[],"_links":{"self":[{"href":"https:\/\/yvonneliebster.com\/fr\/wp-json\/wp\/v2\/product\/6561","targetHints":{"allow":["GET"]}}],"collection":[{"href":"https:\/\/yvonneliebster.com\/fr\/wp-json\/wp\/v2\/product"}],"about":[{"href":"https:\/\/yvonneliebster.com\/fr\/wp-json\/wp\/v2\/types\/product"}],"version-history":[{"count":1,"href":"https:\/\/yvonneliebster.com\/fr\/wp-json\/wp\/v2\/product\/6561\/revisions"}],"predecessor-version":[{"id":6952,"href":"https:\/\/yvonneliebster.com\/fr\/wp-json\/wp\/v2\/product\/6561\/revisions\/6952"}],"wp:featuredmedia":[{"embeddable":true,"href":"https:\/\/yvonneliebster.com\/fr\/wp-json\/wp\/v2\/media\/4683"}],"wp:attachment":[{"href":"https:\/\/yvonneliebster.com\/fr\/wp-json\/wp\/v2\/media?parent=6561"}],"wp:term":[{"taxonomy":"product_brand","embeddable":true,"href":"https:\/\/yvonneliebster.com\/fr\/wp-json\/wp\/v2\/product_brand?post=6561"},{"taxonomy":"product_cat","embeddable":true,"href":"https:\/\/yvonneliebster.com\/fr\/wp-json\/wp\/v2\/product_cat?post=6561"},{"taxonomy":"product_tag","embeddable":true,"href":"https:\/\/yvonneliebster.com\/fr\/wp-json\/wp\/v2\/product_tag?post=6561"}],"curies":[{"name":"wp","href":"https:\/\/api.w.org\/{rel}","templated":true}]}}