{"id":6576,"date":"2022-11-04T10:48:29","date_gmt":"2022-11-04T10:48:29","guid":{"rendered":"https:\/\/yvonneliebster.com\/producto\/diathermie-medestec-corps\/"},"modified":"2022-11-04T10:48:29","modified_gmt":"2022-11-04T10:48:29","slug":"diathermie-medestec-corps","status":"publish","type":"product","link":"https:\/\/yvonneliebster.com\/fr\/producto\/diathermie-medestec-corps\/","title":{"rendered":"Diathermie\/Medestec &#8211; Corps"},"content":{"rendered":"<p><span style=\"color: #899c58;\">Anti-cellulite et relaxant<\/span><\/p>\n<p><span style=\"font-size: 16px; font-style: normal; font-weight: 400;\">D\u00e9couvrez le pouvoir de transformation de la diathermie profonde avec la m\u00e9thode Medestec, une technologie de pointe qui red\u00e9finit les traitements esth\u00e9tiques et th\u00e9rapeutiques. Sentez comment l&rsquo;\u00e9nergie se transforme en bien-\u00eatre, offrant des r\u00e9sultats visibles d\u00e8s la premi\u00e8re s\u00e9ance..<\/span><\/p>\n<p>&nbsp;<\/p>\n<p><span style=\"font-size: 16px; font-style: normal; font-weight: 400;\"><em>Avantages esth\u00e9tiques:<\/em><\/span><\/p>\n<ul>\n<li><span style=\"color: #899c58;\">\u00c9limination de la cellulite et des graisses accumul\u00e9es.<\/span><\/li>\n<li><span style=\"color: #899c58;\">Le drainage lymphatique favorise l&rsquo;\u00e9limination des liquides et des toxines, r\u00e9duisant ainsi la r\u00e9tention d&rsquo;eau..<\/span><\/li>\n<li><span style=\"color: #899c58;\">Am\u00e9liore l&rsquo;apparence de la peau.<\/span><\/li>\n<li><span style=\"color: #899c58;\">Acc\u00e9l\u00e8re le m\u00e9tabolisme cellulaire et favorise la r\u00e9g\u00e9n\u00e9ration des tissus.<\/span><\/li>\n<\/ul>\n<p><em>Avantage Th\u00e9rapeutiques:<\/em><\/p>\n<ul>\n<li><span style=\"color: #899c58;\">Relaxation musculaire et soulagement de la douleur.<\/span><\/li>\n<li><span style=\"color: #899c58;\">Action anti-inflammatoire.<\/span><\/li>\n<li><span style=\"color: #899c58;\">Acc\u00e9l\u00e8re la r\u00e9g\u00e9n\u00e9ration des tissus.<\/span><\/li>\n<li><span style=\"color: #899c58;\">Stimule la circulation sanguine.<\/span><\/li>\n<\/ul>\n","protected":false},"excerpt":{"rendered":"<p>Anti-cellulite et relaxant D\u00e9couvrez le pouvoir de transformation de la diathermie profonde avec la m\u00e9thode Medestec, une technologie de pointe qui red\u00e9finit les traitements esth\u00e9tiques et th\u00e9rapeutiques. Sentez comment l&rsquo;\u00e9nergie se transforme en bien-\u00eatre, offrant des r\u00e9sultats visibles d\u00e8s la premi\u00e8re s\u00e9ance.. &nbsp; Avantages esth\u00e9tiques: \u00c9limination de la cellulite et des graisses accumul\u00e9es. Le drainage [&hellip;]<\/p>\n","protected":false},"featured_media":4722,"template":"","meta":{"_acf_changed":false,"inline_featured_image":false,"site-sidebar-layout":"default","site-content-layout":"default","ast-site-content-layout":"default","site-content-style":"default","site-sidebar-style":"default","ast-global-header-display":"","ast-banner-title-visibility":"","ast-main-header-display":"","ast-hfb-above-header-display":"","ast-hfb-below-header-display":"","ast-hfb-mobile-header-display":"","site-post-title":"","ast-breadcrumbs-content":"","ast-featured-img":"","footer-sml-layout":"","ast-disable-related-posts":"","theme-transparent-header-meta":"default","adv-header-id-meta":"","stick-header-meta":"","header-above-stick-meta":"","header-main-stick-meta":"","header-below-stick-meta":"","astra-migrate-meta-layouts":"default","ast-page-background-enabled":"default","ast-page-background-meta":{"desktop":{"background-color":"var(--ast-global-color-4)","background-image":"","background-repeat":"repeat","background-position":"center center","background-size":"auto","background-attachment":"scroll","background-type":"","background-media":"","overlay-type":"","overlay-color":"","overlay-opacity":"","overlay-gradient":""},"tablet":{"background-color":"","background-image":"","background-repeat":"repeat","background-position":"center center","background-size":"auto","background-attachment":"scroll","background-type":"","background-media":"","overlay-type":"","overlay-color":"","overlay-opacity":"","overlay-gradient":""},"mobile":{"background-color":"","background-image":"","background-repeat":"repeat","background-position":"center center","background-size":"auto","background-attachment":"scroll","background-type":"","background-media":"","overlay-type":"","overlay-color":"","overlay-opacity":"","overlay-gradient":""}},"ast-content-background-meta":{"desktop":{"background-color":"var(--ast-global-color-5)","background-image":"","background-repeat":"repeat","background-position":"center center","background-size":"auto","background-attachment":"scroll","background-type":"","background-media":"","overlay-type":"","overlay-color":"","overlay-opacity":"","overlay-gradient":""},"tablet":{"background-color":"var(--ast-global-color-5)","background-image":"","background-repeat":"repeat","background-position":"center center","background-size":"auto","background-attachment":"scroll","background-type":"","background-media":"","overlay-type":"","overlay-color":"","overlay-opacity":"","overlay-gradient":""},"mobile":{"background-color":"var(--ast-global-color-5)","background-image":"","background-repeat":"repeat","background-position":"center center","background-size":"auto","background-attachment":"scroll","background-type":"","background-media":"","overlay-type":"","overlay-color":"","overlay-opacity":"","overlay-gradient":""}}},"product_brand":[],"product_cat":[131],"product_tag":[],"class_list":{"0":"post-6576","1":"product","2":"type-product","3":"status-publish","4":"has-post-thumbnail","6":"product_cat-soins-du-corps","7":"desktop-align-left","8":"tablet-align-left","9":"mobile-align-left","11":"first","12":"instock","13":"shipping-taxable","14":"purchasable","15":"product-type-simple"},"acf":[],"_links":{"self":[{"href":"https:\/\/yvonneliebster.com\/fr\/wp-json\/wp\/v2\/product\/6576","targetHints":{"allow":["GET"]}}],"collection":[{"href":"https:\/\/yvonneliebster.com\/fr\/wp-json\/wp\/v2\/product"}],"about":[{"href":"https:\/\/yvonneliebster.com\/fr\/wp-json\/wp\/v2\/types\/product"}],"version-history":[{"count":0,"href":"https:\/\/yvonneliebster.com\/fr\/wp-json\/wp\/v2\/product\/6576\/revisions"}],"wp:featuredmedia":[{"embeddable":true,"href":"https:\/\/yvonneliebster.com\/fr\/wp-json\/wp\/v2\/media\/4722"}],"wp:attachment":[{"href":"https:\/\/yvonneliebster.com\/fr\/wp-json\/wp\/v2\/media?parent=6576"}],"wp:term":[{"taxonomy":"product_brand","embeddable":true,"href":"https:\/\/yvonneliebster.com\/fr\/wp-json\/wp\/v2\/product_brand?post=6576"},{"taxonomy":"product_cat","embeddable":true,"href":"https:\/\/yvonneliebster.com\/fr\/wp-json\/wp\/v2\/product_cat?post=6576"},{"taxonomy":"product_tag","embeddable":true,"href":"https:\/\/yvonneliebster.com\/fr\/wp-json\/wp\/v2\/product_tag?post=6576"}],"curies":[{"name":"wp","href":"https:\/\/api.w.org\/{rel}","templated":true}]}}