{"id":6577,"date":"2022-02-13T13:18:57","date_gmt":"2022-02-13T13:18:57","guid":{"rendered":"https:\/\/yvonneliebster.com\/producto\/6577\/"},"modified":"2025-09-12T11:17:42","modified_gmt":"2025-09-12T11:17:42","slug":"6577","status":"publish","type":"product","link":"https:\/\/yvonneliebster.com\/fr\/producto\/6577\/","title":{"rendered":""},"content":{"rendered":"<p><span style=\"font-size: 16px; font-style: normal; font-weight: 400;\">D\u00e9couvrez le traitement remodelant intensif pour le corps, une r\u00e9volution naturelle pour votre silhouette. Gr\u00e2ce \u00e0 la technologie exclusive Algae Tech et \u00e0 sa forte concentration en algues, ce traitement en 5 phases et le masque corporel Algae Peel-Off vous permettent d&rsquo;obtenir des r\u00e9sultats visibles d\u00e8s la premi\u00e8re s\u00e9ance.<\/span><\/p>\n<ul>\n<li><span style=\"color: #899c58;\">R\u00e9duit le volume et \u00e9limine les graisses localis\u00e9es<\/span><\/li>\n<li><span style=\"color: #899c58;\">R\u00e9duit visiblement la peau d&rsquo;orange<\/span><\/li>\n<li><span style=\"color: #899c58;\">Combat la r\u00e9tention d&rsquo;eau<\/span><\/li>\n<li><span style=\"color: #899c58;\">Raffermit et rajeunit la peau<\/span><\/li>\n<li><span style=\"color: #899c58;\">Att\u00e9nue les vergetures<\/span><\/li>\n<\/ul>\n<p>En plus, profitez d&rsquo;une exp\u00e9rience sensorielle unique avec des contrastes de temp\u00e9rature et de textures qui vous transporteront dans un \u00e9tat de bien-\u00eatre total.<\/p>\n","protected":false},"excerpt":{"rendered":"<p>D\u00e9couvrez le traitement remodelant intensif pour le corps, une r\u00e9volution naturelle pour votre silhouette. Gr\u00e2ce \u00e0 la technologie exclusive Algae Tech et \u00e0 sa forte concentration en algues, ce traitement en 5 phases et le masque corporel Algae Peel-Off vous permettent d&rsquo;obtenir des r\u00e9sultats visibles d\u00e8s la premi\u00e8re s\u00e9ance. R\u00e9duit le volume et \u00e9limine les [&hellip;]<\/p>\n","protected":false},"featured_media":4711,"template":"","meta":{"_acf_changed":false,"inline_featured_image":false,"site-sidebar-layout":"default","site-content-layout":"default","ast-site-content-layout":"default","site-content-style":"default","site-sidebar-style":"default","ast-global-header-display":"","ast-banner-title-visibility":"","ast-main-header-display":"","ast-hfb-above-header-display":"","ast-hfb-below-header-display":"","ast-hfb-mobile-header-display":"","site-post-title":"","ast-breadcrumbs-content":"","ast-featured-img":"","footer-sml-layout":"","ast-disable-related-posts":"","theme-transparent-header-meta":"default","adv-header-id-meta":"","stick-header-meta":"","header-above-stick-meta":"","header-main-stick-meta":"","header-below-stick-meta":"","astra-migrate-meta-layouts":"set","ast-page-background-enabled":"default","ast-page-background-meta":{"desktop":{"background-color":"var(--ast-global-color-4)","background-image":"","background-repeat":"repeat","background-position":"center center","background-size":"auto","background-attachment":"scroll","background-type":"","background-media":"","overlay-type":"","overlay-color":"","overlay-opacity":"","overlay-gradient":""},"tablet":{"background-color":"","background-image":"","background-repeat":"repeat","background-position":"center center","background-size":"auto","background-attachment":"scroll","background-type":"","background-media":"","overlay-type":"","overlay-color":"","overlay-opacity":"","overlay-gradient":""},"mobile":{"background-color":"","background-image":"","background-repeat":"repeat","background-position":"center center","background-size":"auto","background-attachment":"scroll","background-type":"","background-media":"","overlay-type":"","overlay-color":"","overlay-opacity":"","overlay-gradient":""}},"ast-content-background-meta":{"desktop":{"background-color":"var(--ast-global-color-5)","background-image":"","background-repeat":"repeat","background-position":"center center","background-size":"auto","background-attachment":"scroll","background-type":"","background-media":"","overlay-type":"","overlay-color":"","overlay-opacity":"","overlay-gradient":""},"tablet":{"background-color":"var(--ast-global-color-5)","background-image":"","background-repeat":"repeat","background-position":"center center","background-size":"auto","background-attachment":"scroll","background-type":"","background-media":"","overlay-type":"","overlay-color":"","overlay-opacity":"","overlay-gradient":""},"mobile":{"background-color":"var(--ast-global-color-5)","background-image":"","background-repeat":"repeat","background-position":"center center","background-size":"auto","background-attachment":"scroll","background-type":"","background-media":"","overlay-type":"","overlay-color":"","overlay-opacity":"","overlay-gradient":""}}},"product_brand":[],"product_cat":[131],"product_tag":[],"class_list":{"0":"post-6577","1":"product","2":"type-product","3":"status-publish","4":"has-post-thumbnail","6":"product_cat-soins-du-corps","7":"desktop-align-left","8":"tablet-align-left","9":"mobile-align-left","11":"first","12":"instock","13":"shipping-taxable","14":"purchasable","15":"product-type-simple"},"acf":[],"_links":{"self":[{"href":"https:\/\/yvonneliebster.com\/fr\/wp-json\/wp\/v2\/product\/6577","targetHints":{"allow":["GET"]}}],"collection":[{"href":"https:\/\/yvonneliebster.com\/fr\/wp-json\/wp\/v2\/product"}],"about":[{"href":"https:\/\/yvonneliebster.com\/fr\/wp-json\/wp\/v2\/types\/product"}],"version-history":[{"count":1,"href":"https:\/\/yvonneliebster.com\/fr\/wp-json\/wp\/v2\/product\/6577\/revisions"}],"predecessor-version":[{"id":6943,"href":"https:\/\/yvonneliebster.com\/fr\/wp-json\/wp\/v2\/product\/6577\/revisions\/6943"}],"wp:featuredmedia":[{"embeddable":true,"href":"https:\/\/yvonneliebster.com\/fr\/wp-json\/wp\/v2\/media\/4711"}],"wp:attachment":[{"href":"https:\/\/yvonneliebster.com\/fr\/wp-json\/wp\/v2\/media?parent=6577"}],"wp:term":[{"taxonomy":"product_brand","embeddable":true,"href":"https:\/\/yvonneliebster.com\/fr\/wp-json\/wp\/v2\/product_brand?post=6577"},{"taxonomy":"product_cat","embeddable":true,"href":"https:\/\/yvonneliebster.com\/fr\/wp-json\/wp\/v2\/product_cat?post=6577"},{"taxonomy":"product_tag","embeddable":true,"href":"https:\/\/yvonneliebster.com\/fr\/wp-json\/wp\/v2\/product_tag?post=6577"}],"curies":[{"name":"wp","href":"https:\/\/api.w.org\/{rel}","templated":true}]}}