{"id":6578,"date":"2022-01-21T13:33:49","date_gmt":"2022-01-21T13:33:49","guid":{"rendered":"https:\/\/yvonneliebster.com\/producto\/micropigmentation-capillaire\/"},"modified":"2025-09-12T10:55:12","modified_gmt":"2025-09-12T10:55:12","slug":"micropigmentation-capillaire","status":"publish","type":"product","link":"https:\/\/yvonneliebster.com\/fr\/producto\/micropigmentation-capillaire\/","title":{"rendered":"Micropigmentation capillaire"},"content":{"rendered":"<p><span style=\"font-size: 16px; font-style: normal; font-weight: 400;\"><br \/>\nDites adieu aux cheveux clairsem\u00e9s. La micropigmentation du cuir chevelu est une proc\u00e9dure non invasive qui simule les follicules pileux gr\u00e2ce \u00e0 des pigments sp\u00e9cialis\u00e9s, id\u00e9ale pour les hommes et les femmes. Elle couvre les cheveux clairsem\u00e9s, camoufle les cicatrices et offre un effet r\u00e9aliste et naturel visible d\u00e8s la premi\u00e8re s\u00e9ance.<\/span><\/p>\n<p><strong>Cette technique est propos\u00e9e en exclusivit\u00e9 par Jenly Pareja, sur rendez-vous uniquement.<\/strong><\/p>\n","protected":false},"excerpt":{"rendered":"<p>Dites adieu aux cheveux clairsem\u00e9s. La micropigmentation du cuir chevelu est une proc\u00e9dure non invasive qui simule les follicules pileux gr\u00e2ce \u00e0 des pigments sp\u00e9cialis\u00e9s, id\u00e9ale pour les hommes et les femmes. Elle couvre les cheveux clairsem\u00e9s, camoufle les cicatrices et offre un effet r\u00e9aliste et naturel visible d\u00e8s la premi\u00e8re s\u00e9ance. Cette technique est [&hellip;]<\/p>\n","protected":false},"featured_media":4781,"template":"","meta":{"_acf_changed":false,"inline_featured_image":false,"site-sidebar-layout":"default","site-content-layout":"default","ast-site-content-layout":"default","site-content-style":"default","site-sidebar-style":"default","ast-global-header-display":"","ast-banner-title-visibility":"","ast-main-header-display":"","ast-hfb-above-header-display":"","ast-hfb-below-header-display":"","ast-hfb-mobile-header-display":"","site-post-title":"","ast-breadcrumbs-content":"","ast-featured-img":"","footer-sml-layout":"","ast-disable-related-posts":"","theme-transparent-header-meta":"default","adv-header-id-meta":"","stick-header-meta":"","header-above-stick-meta":"","header-main-stick-meta":"","header-below-stick-meta":"","astra-migrate-meta-layouts":"set","ast-page-background-enabled":"default","ast-page-background-meta":{"desktop":{"background-color":"var(--ast-global-color-4)","background-image":"","background-repeat":"repeat","background-position":"center center","background-size":"auto","background-attachment":"scroll","background-type":"","background-media":"","overlay-type":"","overlay-color":"","overlay-opacity":"","overlay-gradient":""},"tablet":{"background-color":"","background-image":"","background-repeat":"repeat","background-position":"center center","background-size":"auto","background-attachment":"scroll","background-type":"","background-media":"","overlay-type":"","overlay-color":"","overlay-opacity":"","overlay-gradient":""},"mobile":{"background-color":"","background-image":"","background-repeat":"repeat","background-position":"center center","background-size":"auto","background-attachment":"scroll","background-type":"","background-media":"","overlay-type":"","overlay-color":"","overlay-opacity":"","overlay-gradient":""}},"ast-content-background-meta":{"desktop":{"background-color":"var(--ast-global-color-5)","background-image":"","background-repeat":"repeat","background-position":"center center","background-size":"auto","background-attachment":"scroll","background-type":"","background-media":"","overlay-type":"","overlay-color":"","overlay-opacity":"","overlay-gradient":""},"tablet":{"background-color":"var(--ast-global-color-5)","background-image":"","background-repeat":"repeat","background-position":"center center","background-size":"auto","background-attachment":"scroll","background-type":"","background-media":"","overlay-type":"","overlay-color":"","overlay-opacity":"","overlay-gradient":""},"mobile":{"background-color":"var(--ast-global-color-5)","background-image":"","background-repeat":"repeat","background-position":"center center","background-size":"auto","background-attachment":"scroll","background-type":"","background-media":"","overlay-type":"","overlay-color":"","overlay-opacity":"","overlay-gradient":""}}},"product_brand":[],"product_cat":[136],"product_tag":[],"class_list":{"0":"post-6578","1":"product","2":"type-product","3":"status-publish","4":"has-post-thumbnail","6":"product_cat-micropigmentation","7":"desktop-align-left","8":"tablet-align-left","9":"mobile-align-left","11":"first","12":"instock","13":"shipping-taxable","14":"product-type-simple"},"acf":[],"_links":{"self":[{"href":"https:\/\/yvonneliebster.com\/fr\/wp-json\/wp\/v2\/product\/6578","targetHints":{"allow":["GET"]}}],"collection":[{"href":"https:\/\/yvonneliebster.com\/fr\/wp-json\/wp\/v2\/product"}],"about":[{"href":"https:\/\/yvonneliebster.com\/fr\/wp-json\/wp\/v2\/types\/product"}],"version-history":[{"count":3,"href":"https:\/\/yvonneliebster.com\/fr\/wp-json\/wp\/v2\/product\/6578\/revisions"}],"predecessor-version":[{"id":6897,"href":"https:\/\/yvonneliebster.com\/fr\/wp-json\/wp\/v2\/product\/6578\/revisions\/6897"}],"wp:featuredmedia":[{"embeddable":true,"href":"https:\/\/yvonneliebster.com\/fr\/wp-json\/wp\/v2\/media\/4781"}],"wp:attachment":[{"href":"https:\/\/yvonneliebster.com\/fr\/wp-json\/wp\/v2\/media?parent=6578"}],"wp:term":[{"taxonomy":"product_brand","embeddable":true,"href":"https:\/\/yvonneliebster.com\/fr\/wp-json\/wp\/v2\/product_brand?post=6578"},{"taxonomy":"product_cat","embeddable":true,"href":"https:\/\/yvonneliebster.com\/fr\/wp-json\/wp\/v2\/product_cat?post=6578"},{"taxonomy":"product_tag","embeddable":true,"href":"https:\/\/yvonneliebster.com\/fr\/wp-json\/wp\/v2\/product_tag?post=6578"}],"curies":[{"name":"wp","href":"https:\/\/api.w.org\/{rel}","templated":true}]}}