{"id":6610,"date":"2021-12-22T09:49:58","date_gmt":"2021-12-22T09:49:58","guid":{"rendered":"https:\/\/yvonneliebster.com\/producto\/detoxication-capillaire\/"},"modified":"2025-09-12T11:11:46","modified_gmt":"2025-09-12T11:11:46","slug":"detoxication-capillaire","status":"publish","type":"product","link":"https:\/\/yvonneliebster.com\/fr\/producto\/detoxication-capillaire\/","title":{"rendered":"D\u00e9toxication Capillaire"},"content":{"rendered":"<p>Purifiez et revitalisez vos cheveux depuis la racine !<\/p>\n<p>D\u00e9couvrez notre d\u00e9toxth\u00e9rapie capillaire, un traitement sp\u00e9cialis\u00e9 \u00e0 base d&rsquo;alchimies uniques et d&rsquo;un massage capillaire relaxant. Id\u00e9al pour les personnes qui prennent beaucoup de m\u00e9dicaments ou qui ont des cheveux d\u00e9vitalis\u00e9s et fragiles, ce traitement purifie le cuir chevelu, \u00e9limine les toxines et renforce les cheveux \u00e0 la racine.<\/p>\n<p><span style=\"font-size: 16px;\">.<\/span><\/p>\n","protected":false},"excerpt":{"rendered":"<p>Purifiez et revitalisez vos cheveux depuis la racine ! D\u00e9couvrez notre d\u00e9toxth\u00e9rapie capillaire, un traitement sp\u00e9cialis\u00e9 \u00e0 base d&rsquo;alchimies uniques et d&rsquo;un massage capillaire relaxant. Id\u00e9al pour les personnes qui prennent beaucoup de m\u00e9dicaments ou qui ont des cheveux d\u00e9vitalis\u00e9s et fragiles, ce traitement purifie le cuir chevelu, \u00e9limine les toxines et renforce les cheveux [&hellip;]<\/p>\n","protected":false},"featured_media":4643,"template":"","meta":{"_acf_changed":false,"inline_featured_image":false,"site-sidebar-layout":"default","site-content-layout":"default","ast-site-content-layout":"default","site-content-style":"default","site-sidebar-style":"default","ast-global-header-display":"","ast-banner-title-visibility":"","ast-main-header-display":"","ast-hfb-above-header-display":"","ast-hfb-below-header-display":"","ast-hfb-mobile-header-display":"","site-post-title":"","ast-breadcrumbs-content":"","ast-featured-img":"","footer-sml-layout":"","ast-disable-related-posts":"","theme-transparent-header-meta":"default","adv-header-id-meta":"","stick-header-meta":"","header-above-stick-meta":"","header-main-stick-meta":"","header-below-stick-meta":"","astra-migrate-meta-layouts":"set","ast-page-background-enabled":"default","ast-page-background-meta":{"desktop":{"background-color":"var(--ast-global-color-4)","background-image":"","background-repeat":"repeat","background-position":"center center","background-size":"auto","background-attachment":"scroll","background-type":"","background-media":"","overlay-type":"","overlay-color":"","overlay-opacity":"","overlay-gradient":""},"tablet":{"background-color":"","background-image":"","background-repeat":"repeat","background-position":"center center","background-size":"auto","background-attachment":"scroll","background-type":"","background-media":"","overlay-type":"","overlay-color":"","overlay-opacity":"","overlay-gradient":""},"mobile":{"background-color":"","background-image":"","background-repeat":"repeat","background-position":"center center","background-size":"auto","background-attachment":"scroll","background-type":"","background-media":"","overlay-type":"","overlay-color":"","overlay-opacity":"","overlay-gradient":""}},"ast-content-background-meta":{"desktop":{"background-color":"var(--ast-global-color-5)","background-image":"","background-repeat":"repeat","background-position":"center center","background-size":"auto","background-attachment":"scroll","background-type":"","background-media":"","overlay-type":"","overlay-color":"","overlay-opacity":"","overlay-gradient":""},"tablet":{"background-color":"var(--ast-global-color-5)","background-image":"","background-repeat":"repeat","background-position":"center center","background-size":"auto","background-attachment":"scroll","background-type":"","background-media":"","overlay-type":"","overlay-color":"","overlay-opacity":"","overlay-gradient":""},"mobile":{"background-color":"var(--ast-global-color-5)","background-image":"","background-repeat":"repeat","background-position":"center center","background-size":"auto","background-attachment":"scroll","background-type":"","background-media":"","overlay-type":"","overlay-color":"","overlay-opacity":"","overlay-gradient":""}}},"product_brand":[],"product_cat":[137],"product_tag":[],"class_list":{"0":"post-6610","1":"product","2":"type-product","3":"status-publish","4":"has-post-thumbnail","6":"product_cat-traitements-capillaires","7":"desktop-align-left","8":"tablet-align-left","9":"mobile-align-left","11":"first","12":"instock","13":"purchasable","14":"product-type-simple"},"acf":[],"_links":{"self":[{"href":"https:\/\/yvonneliebster.com\/fr\/wp-json\/wp\/v2\/product\/6610","targetHints":{"allow":["GET"]}}],"collection":[{"href":"https:\/\/yvonneliebster.com\/fr\/wp-json\/wp\/v2\/product"}],"about":[{"href":"https:\/\/yvonneliebster.com\/fr\/wp-json\/wp\/v2\/types\/product"}],"version-history":[{"count":2,"href":"https:\/\/yvonneliebster.com\/fr\/wp-json\/wp\/v2\/product\/6610\/revisions"}],"predecessor-version":[{"id":6930,"href":"https:\/\/yvonneliebster.com\/fr\/wp-json\/wp\/v2\/product\/6610\/revisions\/6930"}],"wp:featuredmedia":[{"embeddable":true,"href":"https:\/\/yvonneliebster.com\/fr\/wp-json\/wp\/v2\/media\/4643"}],"wp:attachment":[{"href":"https:\/\/yvonneliebster.com\/fr\/wp-json\/wp\/v2\/media?parent=6610"}],"wp:term":[{"taxonomy":"product_brand","embeddable":true,"href":"https:\/\/yvonneliebster.com\/fr\/wp-json\/wp\/v2\/product_brand?post=6610"},{"taxonomy":"product_cat","embeddable":true,"href":"https:\/\/yvonneliebster.com\/fr\/wp-json\/wp\/v2\/product_cat?post=6610"},{"taxonomy":"product_tag","embeddable":true,"href":"https:\/\/yvonneliebster.com\/fr\/wp-json\/wp\/v2\/product_tag?post=6610"}],"curies":[{"name":"wp","href":"https:\/\/api.w.org\/{rel}","templated":true}]}}