{"id":6620,"date":"2021-12-22T09:49:56","date_gmt":"2021-12-22T09:49:56","guid":{"rendered":"https:\/\/yvonneliebster.com\/producto\/therapie-du-bois-pour-le-visage-le-cou-et-le-decollete\/"},"modified":"2025-09-12T10:40:10","modified_gmt":"2025-09-12T10:40:10","slug":"therapie-du-bois-pour-le-visage-le-cou-et-le-decollete","status":"publish","type":"product","link":"https:\/\/yvonneliebster.com\/fr\/producto\/therapie-du-bois-pour-le-visage-le-cou-et-le-decollete\/","title":{"rendered":"Th\u00e9rapie du bois pour le visage, le cou et le d\u00e9collet\u00e9"},"content":{"rendered":"<p>D\u00e9couvrez la boisth\u00e9rapie faciale, une technique de massage utilisant des instruments en bois et des huiles essentielles qui stimule la production de collag\u00e8ne et d&rsquo;\u00e9lastine, r\u00e9duit les gonflements, am\u00e9liore la circulation sanguine et d\u00e9finit les contours du visage. R\u00e9sultats visibles d\u00e8s la premi\u00e8re s\u00e9ance : un visage plus ferme, rajeuni et lumineux<\/p>\n","protected":false},"excerpt":{"rendered":"<p>D\u00e9couvrez la boisth\u00e9rapie faciale, une technique de massage utilisant des instruments en bois et des huiles essentielles qui stimule la production de collag\u00e8ne et d&rsquo;\u00e9lastine, r\u00e9duit les gonflements, am\u00e9liore la circulation sanguine et d\u00e9finit les contours du visage. R\u00e9sultats visibles d\u00e8s la premi\u00e8re s\u00e9ance : un visage plus ferme, rajeuni et lumineux<\/p>\n","protected":false},"featured_media":4620,"template":"","meta":{"_acf_changed":false,"inline_featured_image":false,"site-sidebar-layout":"default","site-content-layout":"default","ast-site-content-layout":"default","site-content-style":"default","site-sidebar-style":"default","ast-global-header-display":"","ast-banner-title-visibility":"","ast-main-header-display":"","ast-hfb-above-header-display":"","ast-hfb-below-header-display":"","ast-hfb-mobile-header-display":"","site-post-title":"","ast-breadcrumbs-content":"","ast-featured-img":"","footer-sml-layout":"","ast-disable-related-posts":"","theme-transparent-header-meta":"default","adv-header-id-meta":"","stick-header-meta":"","header-above-stick-meta":"","header-main-stick-meta":"","header-below-stick-meta":"","astra-migrate-meta-layouts":"set","ast-page-background-enabled":"default","ast-page-background-meta":{"desktop":{"background-color":"var(--ast-global-color-4)","background-image":"","background-repeat":"repeat","background-position":"center center","background-size":"auto","background-attachment":"scroll","background-type":"","background-media":"","overlay-type":"","overlay-color":"","overlay-opacity":"","overlay-gradient":""},"tablet":{"background-color":"","background-image":"","background-repeat":"repeat","background-position":"center center","background-size":"auto","background-attachment":"scroll","background-type":"","background-media":"","overlay-type":"","overlay-color":"","overlay-opacity":"","overlay-gradient":""},"mobile":{"background-color":"","background-image":"","background-repeat":"repeat","background-position":"center center","background-size":"auto","background-attachment":"scroll","background-type":"","background-media":"","overlay-type":"","overlay-color":"","overlay-opacity":"","overlay-gradient":""}},"ast-content-background-meta":{"desktop":{"background-color":"var(--ast-global-color-5)","background-image":"","background-repeat":"repeat","background-position":"center center","background-size":"auto","background-attachment":"scroll","background-type":"","background-media":"","overlay-type":"","overlay-color":"","overlay-opacity":"","overlay-gradient":""},"tablet":{"background-color":"var(--ast-global-color-5)","background-image":"","background-repeat":"repeat","background-position":"center center","background-size":"auto","background-attachment":"scroll","background-type":"","background-media":"","overlay-type":"","overlay-color":"","overlay-opacity":"","overlay-gradient":""},"mobile":{"background-color":"var(--ast-global-color-5)","background-image":"","background-repeat":"repeat","background-position":"center center","background-size":"auto","background-attachment":"scroll","background-type":"","background-media":"","overlay-type":"","overlay-color":"","overlay-opacity":"","overlay-gradient":""}}},"product_brand":[],"product_cat":[135],"product_tag":[],"class_list":{"0":"post-6620","1":"product","2":"type-product","3":"status-publish","4":"has-post-thumbnail","6":"product_cat-soins-du-visage","7":"desktop-align-left","8":"tablet-align-left","9":"mobile-align-left","11":"first","12":"instock","13":"purchasable","14":"product-type-simple"},"acf":[],"_links":{"self":[{"href":"https:\/\/yvonneliebster.com\/fr\/wp-json\/wp\/v2\/product\/6620","targetHints":{"allow":["GET"]}}],"collection":[{"href":"https:\/\/yvonneliebster.com\/fr\/wp-json\/wp\/v2\/product"}],"about":[{"href":"https:\/\/yvonneliebster.com\/fr\/wp-json\/wp\/v2\/types\/product"}],"version-history":[{"count":1,"href":"https:\/\/yvonneliebster.com\/fr\/wp-json\/wp\/v2\/product\/6620\/revisions"}],"predecessor-version":[{"id":6895,"href":"https:\/\/yvonneliebster.com\/fr\/wp-json\/wp\/v2\/product\/6620\/revisions\/6895"}],"wp:featuredmedia":[{"embeddable":true,"href":"https:\/\/yvonneliebster.com\/fr\/wp-json\/wp\/v2\/media\/4620"}],"wp:attachment":[{"href":"https:\/\/yvonneliebster.com\/fr\/wp-json\/wp\/v2\/media?parent=6620"}],"wp:term":[{"taxonomy":"product_brand","embeddable":true,"href":"https:\/\/yvonneliebster.com\/fr\/wp-json\/wp\/v2\/product_brand?post=6620"},{"taxonomy":"product_cat","embeddable":true,"href":"https:\/\/yvonneliebster.com\/fr\/wp-json\/wp\/v2\/product_cat?post=6620"},{"taxonomy":"product_tag","embeddable":true,"href":"https:\/\/yvonneliebster.com\/fr\/wp-json\/wp\/v2\/product_tag?post=6620"}],"curies":[{"name":"wp","href":"https:\/\/api.w.org\/{rel}","templated":true}]}}