{"id":6621,"date":"2021-12-22T09:49:56","date_gmt":"2021-12-22T09:49:56","guid":{"rendered":"https:\/\/yvonneliebster.com\/producto\/meso-laser-facial-rejuvenecimiento\/"},"modified":"2025-09-12T11:06:24","modified_gmt":"2025-09-12T11:06:24","slug":"meso-laser-facial-rejuvenecimiento","status":"publish","type":"product","link":"https:\/\/yvonneliebster.com\/fr\/producto\/meso-laser-facial-rejuvenecimiento\/","title":{"rendered":"Meso Laser Facial Rejuvenecimiento"},"content":{"rendered":"<p><span style=\"font-size: 16px; font-style: normal; font-weight: 400;\">Mesolaser &#8211; Notre nouveau traitement innovant associe la phototh\u00e9rapie laser \u00e0 des flacons d&rsquo;ingr\u00e9dients actifs pour vous donner une peau plus saine et plus jeune.<\/span><\/p>\n<p>&nbsp;<\/p>\n<ul>\n<li><span style=\"color: #899c58;\">Il aide \u00e0 am\u00e9liorer les signes de fatigue, les rides, les ridules et la stimulation du collag\u00e8ne.<\/span><\/li>\n<li><span style=\"color: #899c58;\">Hyperpigmentation : contr\u00f4le et \u00e9limine les taches sombres, unifie le teint de la peau.<\/span><\/li>\n<li><span style=\"color: #899c58;\">Rides : R\u00e9duit les rides fines et les lignes d&rsquo;expression, rajeunissant le visage.<\/span><\/li>\n<li><span style=\"color: #899c58;\">Imperfections : \u00c9limine l&rsquo;acn\u00e9 et les points noirs et am\u00e9liore la texture de la peau.<\/span><\/li>\n<li><span style=\"color: #899c58;\">Rougeurs et irritations : Calme et r\u00e9duit l&rsquo;inflammation de la peau, lutte contre la rosac\u00e9e et la sensibilit\u00e9.<\/span><\/li>\n<\/ul>\n<p>Les s\u00e9ances durent entre 40 et 60 minutes. Id\u00e9alement, il faut compter au moins 5 s\u00e9ances pour obtenir les meilleurs r\u00e9sultats, mais ceux-ci sont d\u00e9j\u00e0 visibles d\u00e8s la premi\u00e8re s\u00e9ance.<\/p>\n","protected":false},"excerpt":{"rendered":"<p>Mesolaser &#8211; Notre nouveau traitement innovant associe la phototh\u00e9rapie laser \u00e0 des flacons d&rsquo;ingr\u00e9dients actifs pour vous donner une peau plus saine et plus jeune. &nbsp; Il aide \u00e0 am\u00e9liorer les signes de fatigue, les rides, les ridules et la stimulation du collag\u00e8ne. Hyperpigmentation : contr\u00f4le et \u00e9limine les taches sombres, unifie le teint de [&hellip;]<\/p>\n","protected":false},"featured_media":6498,"template":"","meta":{"_acf_changed":false,"inline_featured_image":false,"site-sidebar-layout":"default","site-content-layout":"default","ast-site-content-layout":"default","site-content-style":"default","site-sidebar-style":"default","ast-global-header-display":"","ast-banner-title-visibility":"","ast-main-header-display":"","ast-hfb-above-header-display":"","ast-hfb-below-header-display":"","ast-hfb-mobile-header-display":"","site-post-title":"","ast-breadcrumbs-content":"","ast-featured-img":"","footer-sml-layout":"","ast-disable-related-posts":"","theme-transparent-header-meta":"default","adv-header-id-meta":"","stick-header-meta":"","header-above-stick-meta":"","header-main-stick-meta":"","header-below-stick-meta":"","astra-migrate-meta-layouts":"set","ast-page-background-enabled":"default","ast-page-background-meta":{"desktop":{"background-color":"var(--ast-global-color-4)","background-image":"","background-repeat":"repeat","background-position":"center center","background-size":"auto","background-attachment":"scroll","background-type":"","background-media":"","overlay-type":"","overlay-color":"","overlay-opacity":"","overlay-gradient":""},"tablet":{"background-color":"","background-image":"","background-repeat":"repeat","background-position":"center center","background-size":"auto","background-attachment":"scroll","background-type":"","background-media":"","overlay-type":"","overlay-color":"","overlay-opacity":"","overlay-gradient":""},"mobile":{"background-color":"","background-image":"","background-repeat":"repeat","background-position":"center center","background-size":"auto","background-attachment":"scroll","background-type":"","background-media":"","overlay-type":"","overlay-color":"","overlay-opacity":"","overlay-gradient":""}},"ast-content-background-meta":{"desktop":{"background-color":"var(--ast-global-color-5)","background-image":"","background-repeat":"repeat","background-position":"center center","background-size":"auto","background-attachment":"scroll","background-type":"","background-media":"","overlay-type":"","overlay-color":"","overlay-opacity":"","overlay-gradient":""},"tablet":{"background-color":"var(--ast-global-color-5)","background-image":"","background-repeat":"repeat","background-position":"center center","background-size":"auto","background-attachment":"scroll","background-type":"","background-media":"","overlay-type":"","overlay-color":"","overlay-opacity":"","overlay-gradient":""},"mobile":{"background-color":"var(--ast-global-color-5)","background-image":"","background-repeat":"repeat","background-position":"center center","background-size":"auto","background-attachment":"scroll","background-type":"","background-media":"","overlay-type":"","overlay-color":"","overlay-opacity":"","overlay-gradient":""}}},"product_brand":[],"product_cat":[135],"product_tag":[],"class_list":{"0":"post-6621","1":"product","2":"type-product","3":"status-publish","4":"has-post-thumbnail","6":"product_cat-soins-du-visage","7":"desktop-align-left","8":"tablet-align-left","9":"mobile-align-left","11":"first","12":"instock","13":"purchasable","14":"product-type-simple"},"acf":[],"_links":{"self":[{"href":"https:\/\/yvonneliebster.com\/fr\/wp-json\/wp\/v2\/product\/6621","targetHints":{"allow":["GET"]}}],"collection":[{"href":"https:\/\/yvonneliebster.com\/fr\/wp-json\/wp\/v2\/product"}],"about":[{"href":"https:\/\/yvonneliebster.com\/fr\/wp-json\/wp\/v2\/types\/product"}],"version-history":[{"count":2,"href":"https:\/\/yvonneliebster.com\/fr\/wp-json\/wp\/v2\/product\/6621\/revisions"}],"predecessor-version":[{"id":6923,"href":"https:\/\/yvonneliebster.com\/fr\/wp-json\/wp\/v2\/product\/6621\/revisions\/6923"}],"wp:featuredmedia":[{"embeddable":true,"href":"https:\/\/yvonneliebster.com\/fr\/wp-json\/wp\/v2\/media\/6498"}],"wp:attachment":[{"href":"https:\/\/yvonneliebster.com\/fr\/wp-json\/wp\/v2\/media?parent=6621"}],"wp:term":[{"taxonomy":"product_brand","embeddable":true,"href":"https:\/\/yvonneliebster.com\/fr\/wp-json\/wp\/v2\/product_brand?post=6621"},{"taxonomy":"product_cat","embeddable":true,"href":"https:\/\/yvonneliebster.com\/fr\/wp-json\/wp\/v2\/product_cat?post=6621"},{"taxonomy":"product_tag","embeddable":true,"href":"https:\/\/yvonneliebster.com\/fr\/wp-json\/wp\/v2\/product_tag?post=6621"}],"curies":[{"name":"wp","href":"https:\/\/api.w.org\/{rel}","templated":true}]}}