{"id":6623,"date":"2021-12-22T09:49:56","date_gmt":"2021-12-22T09:49:56","guid":{"rendered":"https:\/\/yvonneliebster.com\/producto\/lepilation-a-la-cire-par-zone\/"},"modified":"2025-09-12T11:06:55","modified_gmt":"2025-09-12T11:06:55","slug":"lepilation-a-la-cire-par-zone","status":"publish","type":"product","link":"https:\/\/yvonneliebster.com\/fr\/producto\/lepilation-a-la-cire-par-zone\/","title":{"rendered":"L&rsquo;\u00e9pilation \u00e0 la cire par zone"},"content":{"rendered":"<p><span style=\"font-size: 16px; font-style: normal; font-weight: 400;\">Depilaci\u00f3n con cera tibia o caliente: Piel suave y sin vello por semanas!<\/span><\/p>\n<ul>\n<li style=\"list-style-type: none;\">\n<ul>\n<li><span style=\"font-size: 16px; font-style: normal; font-weight: 400;\"><span style=\"color: #000000;\"><em>Zona XS &#8211; <\/em>L\u00e8vre sup\u00e9rieure, menton, sourcils ou oreilles<\/span><\/span><\/li>\n<li><span style=\"font-size: 16px; font-style: normal; font-weight: 400;\"><span style=\"color: #000000;\">Zona S\u00a0 \u00a0 &#8211;\u00a0 Maillot normal, aisselles, menton ou sourcils<\/span><\/span><\/li>\n<li><span style=\"font-size: 16px; font-style: normal; font-weight: 400;\"><span style=\"color: #000000;\">Zona M\u00a0 &#8211;\u00a0 1\/2 bras, bas du dos, \u00e9paules, abdomen, fesses, aine br\u00e9silienne ou ligne alba<\/span><\/span><\/li>\n<li><span style=\"font-size: 16px; font-style: normal; font-weight: 400;\"><span style=\"color: #000000;\">Zona L\u00a0 &#8211;\u00a0 Bras complets<\/span><\/span><\/li>\n<li><span style=\"font-size: 16px; font-style: normal; font-weight: 400;\"><span style=\"color: #000000;\">Zona XL &#8211; Poitrine, dos, pubis, 1\/2 jambes<\/span><\/span><\/li>\n<li><span style=\"font-size: 16px; font-style: normal; font-weight: 400;\"><span style=\"color: #000000;\">Zona XXL-Dos complet, jambes compl\u00e8tes<\/span><\/span><\/li>\n<\/ul>\n<\/li>\n<\/ul>\n","protected":false},"excerpt":{"rendered":"<p>Depilaci\u00f3n con cera tibia o caliente: Piel suave y sin vello por semanas! Zona XS &#8211; L\u00e8vre sup\u00e9rieure, menton, sourcils ou oreilles Zona S\u00a0 \u00a0 &#8211;\u00a0 Maillot normal, aisselles, menton ou sourcils Zona M\u00a0 &#8211;\u00a0 1\/2 bras, bas du dos, \u00e9paules, abdomen, fesses, aine br\u00e9silienne ou ligne alba Zona L\u00a0 &#8211;\u00a0 Bras complets Zona XL [&hellip;]<\/p>\n","protected":false},"featured_media":4616,"template":"","meta":{"_acf_changed":false,"inline_featured_image":false,"site-sidebar-layout":"default","site-content-layout":"","ast-site-content-layout":"default","site-content-style":"default","site-sidebar-style":"default","ast-global-header-display":"","ast-banner-title-visibility":"","ast-main-header-display":"","ast-hfb-above-header-display":"","ast-hfb-below-header-display":"","ast-hfb-mobile-header-display":"","site-post-title":"","ast-breadcrumbs-content":"","ast-featured-img":"","footer-sml-layout":"","ast-disable-related-posts":"","theme-transparent-header-meta":"default","adv-header-id-meta":"","stick-header-meta":"","header-above-stick-meta":"","header-main-stick-meta":"","header-below-stick-meta":"","astra-migrate-meta-layouts":"set","ast-page-background-enabled":"default","ast-page-background-meta":{"desktop":{"background-color":"var(--ast-global-color-4)","background-image":"","background-repeat":"repeat","background-position":"center center","background-size":"auto","background-attachment":"scroll","background-type":"","background-media":"","overlay-type":"","overlay-color":"","overlay-opacity":"","overlay-gradient":""},"tablet":{"background-color":"","background-image":"","background-repeat":"repeat","background-position":"center center","background-size":"auto","background-attachment":"scroll","background-type":"","background-media":"","overlay-type":"","overlay-color":"","overlay-opacity":"","overlay-gradient":""},"mobile":{"background-color":"","background-image":"","background-repeat":"repeat","background-position":"center center","background-size":"auto","background-attachment":"scroll","background-type":"","background-media":"","overlay-type":"","overlay-color":"","overlay-opacity":"","overlay-gradient":""}},"ast-content-background-meta":{"desktop":{"background-color":"var(--ast-global-color-5)","background-image":"","background-repeat":"repeat","background-position":"center center","background-size":"auto","background-attachment":"scroll","background-type":"","background-media":"","overlay-type":"","overlay-color":"","overlay-opacity":"","overlay-gradient":""},"tablet":{"background-color":"var(--ast-global-color-5)","background-image":"","background-repeat":"repeat","background-position":"center center","background-size":"auto","background-attachment":"scroll","background-type":"","background-media":"","overlay-type":"","overlay-color":"","overlay-opacity":"","overlay-gradient":""},"mobile":{"background-color":"var(--ast-global-color-5)","background-image":"","background-repeat":"repeat","background-position":"center center","background-size":"auto","background-attachment":"scroll","background-type":"","background-media":"","overlay-type":"","overlay-color":"","overlay-opacity":"","overlay-gradient":""}}},"product_brand":[],"product_cat":[133],"product_tag":[],"class_list":{"0":"post-6623","1":"product","2":"type-product","3":"status-publish","4":"has-post-thumbnail","6":"product_cat-cire-a-epiler","7":"desktop-align-left","8":"tablet-align-left","9":"mobile-align-left","11":"first","12":"instock","13":"purchasable","14":"product-type-simple"},"acf":[],"_links":{"self":[{"href":"https:\/\/yvonneliebster.com\/fr\/wp-json\/wp\/v2\/product\/6623","targetHints":{"allow":["GET"]}}],"collection":[{"href":"https:\/\/yvonneliebster.com\/fr\/wp-json\/wp\/v2\/product"}],"about":[{"href":"https:\/\/yvonneliebster.com\/fr\/wp-json\/wp\/v2\/types\/product"}],"version-history":[{"count":1,"href":"https:\/\/yvonneliebster.com\/fr\/wp-json\/wp\/v2\/product\/6623\/revisions"}],"predecessor-version":[{"id":6924,"href":"https:\/\/yvonneliebster.com\/fr\/wp-json\/wp\/v2\/product\/6623\/revisions\/6924"}],"wp:featuredmedia":[{"embeddable":true,"href":"https:\/\/yvonneliebster.com\/fr\/wp-json\/wp\/v2\/media\/4616"}],"wp:attachment":[{"href":"https:\/\/yvonneliebster.com\/fr\/wp-json\/wp\/v2\/media?parent=6623"}],"wp:term":[{"taxonomy":"product_brand","embeddable":true,"href":"https:\/\/yvonneliebster.com\/fr\/wp-json\/wp\/v2\/product_brand?post=6623"},{"taxonomy":"product_cat","embeddable":true,"href":"https:\/\/yvonneliebster.com\/fr\/wp-json\/wp\/v2\/product_cat?post=6623"},{"taxonomy":"product_tag","embeddable":true,"href":"https:\/\/yvonneliebster.com\/fr\/wp-json\/wp\/v2\/product_tag?post=6623"}],"curies":[{"name":"wp","href":"https:\/\/api.w.org\/{rel}","templated":true}]}}