{"id":6624,"date":"2021-12-22T09:49:56","date_gmt":"2021-12-22T09:49:56","guid":{"rendered":"https:\/\/yvonneliebster.com\/producto\/dessin-de-sourcils\/"},"modified":"2025-09-12T11:07:58","modified_gmt":"2025-09-12T11:07:58","slug":"dessin-de-sourcils","status":"publish","type":"product","link":"https:\/\/yvonneliebster.com\/fr\/producto\/dessin-de-sourcils\/","title":{"rendered":"Dessin de sourcils"},"content":{"rendered":"<p><span style=\"font-size: 16px; font-style: normal; font-weight: 400;\">Une conception experte des sourcils, combinant des techniques pr\u00e9cises telles que l&rsquo;\u00e9pilation \u00e0 la pince, au fil ou \u00e0 la cire, la taille, la teinture et les extensions, va au-del\u00e0 de l&rsquo;esth\u00e9tique. Elle d\u00e9finit votre visage, fait ressortir la beaut\u00e9 de vos yeux et cr\u00e9e une harmonie faciale qui rayonne de confiance.<\/span><\/p>\n<p>&nbsp;<\/p>\n","protected":false},"excerpt":{"rendered":"<p>Une conception experte des sourcils, combinant des techniques pr\u00e9cises telles que l&rsquo;\u00e9pilation \u00e0 la pince, au fil ou \u00e0 la cire, la taille, la teinture et les extensions, va au-del\u00e0 de l&rsquo;esth\u00e9tique. Elle d\u00e9finit votre visage, fait ressortir la beaut\u00e9 de vos yeux et cr\u00e9e une harmonie faciale qui rayonne de confiance. &nbsp;<\/p>\n","protected":false},"featured_media":4641,"template":"","meta":{"_acf_changed":false,"inline_featured_image":false,"site-sidebar-layout":"default","site-content-layout":"","ast-site-content-layout":"default","site-content-style":"default","site-sidebar-style":"default","ast-global-header-display":"","ast-banner-title-visibility":"","ast-main-header-display":"","ast-hfb-above-header-display":"","ast-hfb-below-header-display":"","ast-hfb-mobile-header-display":"","site-post-title":"","ast-breadcrumbs-content":"","ast-featured-img":"","footer-sml-layout":"","ast-disable-related-posts":"","theme-transparent-header-meta":"default","adv-header-id-meta":"","stick-header-meta":"","header-above-stick-meta":"","header-main-stick-meta":"","header-below-stick-meta":"","astra-migrate-meta-layouts":"set","ast-page-background-enabled":"default","ast-page-background-meta":{"desktop":{"background-color":"var(--ast-global-color-4)","background-image":"","background-repeat":"repeat","background-position":"center center","background-size":"auto","background-attachment":"scroll","background-type":"","background-media":"","overlay-type":"","overlay-color":"","overlay-opacity":"","overlay-gradient":""},"tablet":{"background-color":"","background-image":"","background-repeat":"repeat","background-position":"center center","background-size":"auto","background-attachment":"scroll","background-type":"","background-media":"","overlay-type":"","overlay-color":"","overlay-opacity":"","overlay-gradient":""},"mobile":{"background-color":"","background-image":"","background-repeat":"repeat","background-position":"center center","background-size":"auto","background-attachment":"scroll","background-type":"","background-media":"","overlay-type":"","overlay-color":"","overlay-opacity":"","overlay-gradient":""}},"ast-content-background-meta":{"desktop":{"background-color":"var(--ast-global-color-5)","background-image":"","background-repeat":"repeat","background-position":"center center","background-size":"auto","background-attachment":"scroll","background-type":"","background-media":"","overlay-type":"","overlay-color":"","overlay-opacity":"","overlay-gradient":""},"tablet":{"background-color":"var(--ast-global-color-5)","background-image":"","background-repeat":"repeat","background-position":"center center","background-size":"auto","background-attachment":"scroll","background-type":"","background-media":"","overlay-type":"","overlay-color":"","overlay-opacity":"","overlay-gradient":""},"mobile":{"background-color":"var(--ast-global-color-5)","background-image":"","background-repeat":"repeat","background-position":"center center","background-size":"auto","background-attachment":"scroll","background-type":"","background-media":"","overlay-type":"","overlay-color":"","overlay-opacity":"","overlay-gradient":""}}},"product_brand":[],"product_cat":[134],"product_tag":[],"class_list":{"0":"post-6624","1":"product","2":"type-product","3":"status-publish","4":"has-post-thumbnail","6":"product_cat-extensions-teinture-de-cils-et-microblading","7":"desktop-align-left","8":"tablet-align-left","9":"mobile-align-left","11":"first","12":"instock","13":"purchasable","14":"product-type-simple"},"acf":[],"_links":{"self":[{"href":"https:\/\/yvonneliebster.com\/fr\/wp-json\/wp\/v2\/product\/6624","targetHints":{"allow":["GET"]}}],"collection":[{"href":"https:\/\/yvonneliebster.com\/fr\/wp-json\/wp\/v2\/product"}],"about":[{"href":"https:\/\/yvonneliebster.com\/fr\/wp-json\/wp\/v2\/types\/product"}],"version-history":[{"count":1,"href":"https:\/\/yvonneliebster.com\/fr\/wp-json\/wp\/v2\/product\/6624\/revisions"}],"predecessor-version":[{"id":6925,"href":"https:\/\/yvonneliebster.com\/fr\/wp-json\/wp\/v2\/product\/6624\/revisions\/6925"}],"wp:featuredmedia":[{"embeddable":true,"href":"https:\/\/yvonneliebster.com\/fr\/wp-json\/wp\/v2\/media\/4641"}],"wp:attachment":[{"href":"https:\/\/yvonneliebster.com\/fr\/wp-json\/wp\/v2\/media?parent=6624"}],"wp:term":[{"taxonomy":"product_brand","embeddable":true,"href":"https:\/\/yvonneliebster.com\/fr\/wp-json\/wp\/v2\/product_brand?post=6624"},{"taxonomy":"product_cat","embeddable":true,"href":"https:\/\/yvonneliebster.com\/fr\/wp-json\/wp\/v2\/product_cat?post=6624"},{"taxonomy":"product_tag","embeddable":true,"href":"https:\/\/yvonneliebster.com\/fr\/wp-json\/wp\/v2\/product_tag?post=6624"}],"curies":[{"name":"wp","href":"https:\/\/api.w.org\/{rel}","templated":true}]}}