{"id":6625,"date":"2021-12-22T09:49:56","date_gmt":"2021-12-22T09:49:56","guid":{"rendered":"https:\/\/yvonneliebster.com\/producto\/maquillage-semi-permanent\/"},"modified":"2025-09-12T10:46:11","modified_gmt":"2025-09-12T10:46:11","slug":"maquillage-semi-permanent","status":"publish","type":"product","link":"https:\/\/yvonneliebster.com\/fr\/producto\/maquillage-semi-permanent\/","title":{"rendered":"Maquillage semi-permanent"},"content":{"rendered":"<p><span style=\"font-size: 16px; font-style: normal; font-weight: 400;\">La micropigmentation est une technique innovante qui sublime la beaut\u00e9 naturelle de mani\u00e8re s\u00fbre et durable. Les techniques propos\u00e9es incluent\u00a0:<\/p>\n<ul>\n<li><span style=\"color: #899c58;\"><em>Microshading, poil par poil et ombrage<\/em><\/span><\/li>\n<li><span style=\"color: #899c58;\"><em>Microblading, poil par poil<\/em><\/span><\/li>\n<li><span style=\"color: #899c58;\"><em>Sourcils poudr\u00e9s, effet maquillage naturel<\/em><\/span><\/li>\n<li><span style=\"color: #899c58;\"><em>Eyeliner, eyeliner artistique et B\u00e9b\u00e9<\/em><\/span><\/li>\n<li><span style=\"color: #899c58;\"><em>\u00c9paississement des cils<\/em><\/span><\/li>\n<li><span style=\"color: #899c58;\"><em>L\u00e8vres pulpeuses<\/em><\/span><\/li>\n<li><span style=\"color: #899c58;\"><em>L\u00e8vres aquarelles<\/em><\/span><\/li>\n<li><span style=\"color: #899c58;\"><em>Neutralisation des l\u00e8vres fonc\u00e9es<\/em><\/span><\/li>\n<\/ul>\n<p><strong>Cette technique est propos\u00e9e en exclusivit\u00e9 par Jenly Pareja, sur rendez-vous.<\/strong><\/p>\n","protected":false},"excerpt":{"rendered":"<p>La micropigmentation est une technique innovante qui sublime la beaut\u00e9 naturelle de mani\u00e8re s\u00fbre et durable. Les techniques propos\u00e9es incluent\u00a0: Microshading, poil par poil et ombrage Microblading, poil par poil Sourcils poudr\u00e9s, effet maquillage naturel Eyeliner, eyeliner artistique et B\u00e9b\u00e9 \u00c9paississement des cils L\u00e8vres pulpeuses L\u00e8vres aquarelles Neutralisation des l\u00e8vres fonc\u00e9es Cette technique est propos\u00e9e [&hellip;]<\/p>\n","protected":false},"featured_media":4639,"template":"","meta":{"_acf_changed":false,"inline_featured_image":false,"site-sidebar-layout":"default","site-content-layout":"default","ast-site-content-layout":"default","site-content-style":"default","site-sidebar-style":"default","ast-global-header-display":"","ast-banner-title-visibility":"","ast-main-header-display":"","ast-hfb-above-header-display":"","ast-hfb-below-header-display":"","ast-hfb-mobile-header-display":"","site-post-title":"","ast-breadcrumbs-content":"","ast-featured-img":"","footer-sml-layout":"","ast-disable-related-posts":"","theme-transparent-header-meta":"default","adv-header-id-meta":"","stick-header-meta":"","header-above-stick-meta":"","header-main-stick-meta":"","header-below-stick-meta":"","astra-migrate-meta-layouts":"set","ast-page-background-enabled":"default","ast-page-background-meta":{"desktop":{"background-color":"var(--ast-global-color-4)","background-image":"","background-repeat":"repeat","background-position":"center center","background-size":"auto","background-attachment":"scroll","background-type":"","background-media":"","overlay-type":"","overlay-color":"","overlay-opacity":"","overlay-gradient":""},"tablet":{"background-color":"","background-image":"","background-repeat":"repeat","background-position":"center center","background-size":"auto","background-attachment":"scroll","background-type":"","background-media":"","overlay-type":"","overlay-color":"","overlay-opacity":"","overlay-gradient":""},"mobile":{"background-color":"","background-image":"","background-repeat":"repeat","background-position":"center center","background-size":"auto","background-attachment":"scroll","background-type":"","background-media":"","overlay-type":"","overlay-color":"","overlay-opacity":"","overlay-gradient":""}},"ast-content-background-meta":{"desktop":{"background-color":"var(--ast-global-color-5)","background-image":"","background-repeat":"repeat","background-position":"center center","background-size":"auto","background-attachment":"scroll","background-type":"","background-media":"","overlay-type":"","overlay-color":"","overlay-opacity":"","overlay-gradient":""},"tablet":{"background-color":"var(--ast-global-color-5)","background-image":"","background-repeat":"repeat","background-position":"center center","background-size":"auto","background-attachment":"scroll","background-type":"","background-media":"","overlay-type":"","overlay-color":"","overlay-opacity":"","overlay-gradient":""},"mobile":{"background-color":"var(--ast-global-color-5)","background-image":"","background-repeat":"repeat","background-position":"center center","background-size":"auto","background-attachment":"scroll","background-type":"","background-media":"","overlay-type":"","overlay-color":"","overlay-opacity":"","overlay-gradient":""}}},"product_brand":[],"product_cat":[136],"product_tag":[],"class_list":{"0":"post-6625","1":"product","2":"type-product","3":"status-publish","4":"has-post-thumbnail","6":"product_cat-micropigmentation","7":"desktop-align-left","8":"tablet-align-left","9":"mobile-align-left","11":"first","12":"instock","13":"product-type-simple"},"acf":[],"_links":{"self":[{"href":"https:\/\/yvonneliebster.com\/fr\/wp-json\/wp\/v2\/product\/6625","targetHints":{"allow":["GET"]}}],"collection":[{"href":"https:\/\/yvonneliebster.com\/fr\/wp-json\/wp\/v2\/product"}],"about":[{"href":"https:\/\/yvonneliebster.com\/fr\/wp-json\/wp\/v2\/types\/product"}],"version-history":[{"count":3,"href":"https:\/\/yvonneliebster.com\/fr\/wp-json\/wp\/v2\/product\/6625\/revisions"}],"predecessor-version":[{"id":6899,"href":"https:\/\/yvonneliebster.com\/fr\/wp-json\/wp\/v2\/product\/6625\/revisions\/6899"}],"wp:featuredmedia":[{"embeddable":true,"href":"https:\/\/yvonneliebster.com\/fr\/wp-json\/wp\/v2\/media\/4639"}],"wp:attachment":[{"href":"https:\/\/yvonneliebster.com\/fr\/wp-json\/wp\/v2\/media?parent=6625"}],"wp:term":[{"taxonomy":"product_brand","embeddable":true,"href":"https:\/\/yvonneliebster.com\/fr\/wp-json\/wp\/v2\/product_brand?post=6625"},{"taxonomy":"product_cat","embeddable":true,"href":"https:\/\/yvonneliebster.com\/fr\/wp-json\/wp\/v2\/product_cat?post=6625"},{"taxonomy":"product_tag","embeddable":true,"href":"https:\/\/yvonneliebster.com\/fr\/wp-json\/wp\/v2\/product_tag?post=6625"}],"curies":[{"name":"wp","href":"https:\/\/api.w.org\/{rel}","templated":true}]}}