{"id":6629,"date":"2021-12-22T09:49:54","date_gmt":"2021-12-22T09:49:54","guid":{"rendered":"https:\/\/yvonneliebster.com\/producto\/pack-beaute-full-body-3h\/"},"modified":"2025-09-12T10:57:54","modified_gmt":"2025-09-12T10:57:54","slug":"pack-beaute-full-body-3h","status":"publish","type":"product","link":"https:\/\/yvonneliebster.com\/fr\/producto\/pack-beaute-full-body-3h\/","title":{"rendered":"Pack beaut\u00e9 Full Body 3h"},"content":{"rendered":"<p>Votre rituel de beaut\u00e9 int\u00e9gral ! Un visage radieux, un corps r\u00e9g\u00e9n\u00e9r\u00e9 et des d\u00e9tails qui comptent. Plongez dans un soin exclusif qui combine le meilleur traitement sp\u00e9cifique pour votre visage, un massage enveloppant du corps, une manucure et une p\u00e9dicure avec pose de vernis classique, une teinture des cils et une \u00e9pilation des sourcils ou de la l\u00e8vre sup\u00e9rieure. 3 heures de d\u00e9tente et de soins pour se sentir compl\u00e8tement revitalis\u00e9 et resplendissant !.<\/p>\n","protected":false},"excerpt":{"rendered":"<p>Votre rituel de beaut\u00e9 int\u00e9gral ! Un visage radieux, un corps r\u00e9g\u00e9n\u00e9r\u00e9 et des d\u00e9tails qui comptent. Plongez dans un soin exclusif qui combine le meilleur traitement sp\u00e9cifique pour votre visage, un massage enveloppant du corps, une manucure et une p\u00e9dicure avec pose de vernis classique, une teinture des cils et une \u00e9pilation des sourcils [&hellip;]<\/p>\n","protected":false},"featured_media":4589,"template":"","meta":{"_acf_changed":false,"inline_featured_image":false,"site-sidebar-layout":"default","site-content-layout":"","ast-site-content-layout":"default","site-content-style":"default","site-sidebar-style":"default","ast-global-header-display":"","ast-banner-title-visibility":"","ast-main-header-display":"","ast-hfb-above-header-display":"","ast-hfb-below-header-display":"","ast-hfb-mobile-header-display":"","site-post-title":"","ast-breadcrumbs-content":"","ast-featured-img":"","footer-sml-layout":"","ast-disable-related-posts":"","theme-transparent-header-meta":"default","adv-header-id-meta":"","stick-header-meta":"","header-above-stick-meta":"","header-main-stick-meta":"","header-below-stick-meta":"","astra-migrate-meta-layouts":"set","ast-page-background-enabled":"default","ast-page-background-meta":{"desktop":{"background-color":"var(--ast-global-color-4)","background-image":"","background-repeat":"repeat","background-position":"center center","background-size":"auto","background-attachment":"scroll","background-type":"","background-media":"","overlay-type":"","overlay-color":"","overlay-opacity":"","overlay-gradient":""},"tablet":{"background-color":"","background-image":"","background-repeat":"repeat","background-position":"center center","background-size":"auto","background-attachment":"scroll","background-type":"","background-media":"","overlay-type":"","overlay-color":"","overlay-opacity":"","overlay-gradient":""},"mobile":{"background-color":"","background-image":"","background-repeat":"repeat","background-position":"center center","background-size":"auto","background-attachment":"scroll","background-type":"","background-media":"","overlay-type":"","overlay-color":"","overlay-opacity":"","overlay-gradient":""}},"ast-content-background-meta":{"desktop":{"background-color":"var(--ast-global-color-5)","background-image":"","background-repeat":"repeat","background-position":"center center","background-size":"auto","background-attachment":"scroll","background-type":"","background-media":"","overlay-type":"","overlay-color":"","overlay-opacity":"","overlay-gradient":""},"tablet":{"background-color":"var(--ast-global-color-5)","background-image":"","background-repeat":"repeat","background-position":"center center","background-size":"auto","background-attachment":"scroll","background-type":"","background-media":"","overlay-type":"","overlay-color":"","overlay-opacity":"","overlay-gradient":""},"mobile":{"background-color":"var(--ast-global-color-5)","background-image":"","background-repeat":"repeat","background-position":"center center","background-size":"auto","background-attachment":"scroll","background-type":"","background-media":"","overlay-type":"","overlay-color":"","overlay-opacity":"","overlay-gradient":""}}},"product_brand":[],"product_cat":[131],"product_tag":[],"class_list":{"0":"post-6629","1":"product","2":"type-product","3":"status-publish","4":"has-post-thumbnail","6":"product_cat-soins-du-corps","7":"desktop-align-left","8":"tablet-align-left","9":"mobile-align-left","11":"first","12":"instock","13":"purchasable","14":"product-type-simple"},"acf":[],"_links":{"self":[{"href":"https:\/\/yvonneliebster.com\/fr\/wp-json\/wp\/v2\/product\/6629","targetHints":{"allow":["GET"]}}],"collection":[{"href":"https:\/\/yvonneliebster.com\/fr\/wp-json\/wp\/v2\/product"}],"about":[{"href":"https:\/\/yvonneliebster.com\/fr\/wp-json\/wp\/v2\/types\/product"}],"version-history":[{"count":3,"href":"https:\/\/yvonneliebster.com\/fr\/wp-json\/wp\/v2\/product\/6629\/revisions"}],"predecessor-version":[{"id":6910,"href":"https:\/\/yvonneliebster.com\/fr\/wp-json\/wp\/v2\/product\/6629\/revisions\/6910"}],"wp:featuredmedia":[{"embeddable":true,"href":"https:\/\/yvonneliebster.com\/fr\/wp-json\/wp\/v2\/media\/4589"}],"wp:attachment":[{"href":"https:\/\/yvonneliebster.com\/fr\/wp-json\/wp\/v2\/media?parent=6629"}],"wp:term":[{"taxonomy":"product_brand","embeddable":true,"href":"https:\/\/yvonneliebster.com\/fr\/wp-json\/wp\/v2\/product_brand?post=6629"},{"taxonomy":"product_cat","embeddable":true,"href":"https:\/\/yvonneliebster.com\/fr\/wp-json\/wp\/v2\/product_cat?post=6629"},{"taxonomy":"product_tag","embeddable":true,"href":"https:\/\/yvonneliebster.com\/fr\/wp-json\/wp\/v2\/product_tag?post=6629"}],"curies":[{"name":"wp","href":"https:\/\/api.w.org\/{rel}","templated":true}]}}