{"id":6633,"date":"2021-12-22T09:49:54","date_gmt":"2021-12-22T09:49:54","guid":{"rendered":"https:\/\/yvonneliebster.com\/producto\/maderoterapia-corporal\/"},"modified":"2026-03-30T15:32:57","modified_gmt":"2026-03-30T15:32:57","slug":"therapie-du-bois-corporel","status":"publish","type":"product","link":"https:\/\/yvonneliebster.com\/fr\/producto\/therapie-du-bois-corporel\/","title":{"rendered":"Th\u00e9rapie du bois corporel"},"content":{"rendered":"<p><span style=\"color: #899c58;\">R\u00e9duit, remod\u00e8le et raffermit\u00a0<\/span><\/p>\n<p>La<\/p>\n<p>La maderoth\u00e9rapie corporelle est une m\u00e9thode de massage naturel qui utilise des instruments en bois et donne des r\u00e9sultats visibles pour sculpter la silhouette et att\u00e9nuer la cellulite. Nous utilisons les meilleurs bois ainsi que les produits Evolugie, pionniers de la maderoth\u00e9rapie en Espagne.<\/p>\n<p>Le nombre de s\u00e9ances d\u00e9pend du traitement et des besoins de chaque personne, m\u00eame si les r\u00e9sultats sont visibles d\u00e8s la premi\u00e8re s\u00e9ance. Renseignez-vous sur nos diff\u00e9rentes formules, notre d\u00e9toxification organique en profondeur sp\u00e9cialement con\u00e7ue pour d\u00e9bloquer les voies lymphatiques et veineuses obstru\u00e9es, pr\u00e9parant ainsi la peau et le corps aux traitements ult\u00e9rieurs, et sur nos produits de pointe pour accompagner le traitement \u00e0 domicile, afin d&rsquo;obtenir les meilleurs r\u00e9sultats en moins de temps.<\/p>\n<p>&nbsp;<\/p>\n","protected":false},"excerpt":{"rendered":"<p>R\u00e9duit, remod\u00e8le et raffermit\u00a0 La La maderoth\u00e9rapie corporelle est une m\u00e9thode de massage naturel qui utilise des instruments en bois et donne des r\u00e9sultats visibles pour sculpter la silhouette et att\u00e9nuer la cellulite. Nous utilisons les meilleurs bois ainsi que les produits Evolugie, pionniers de la maderoth\u00e9rapie en Espagne. Le nombre de s\u00e9ances d\u00e9pend du [&hellip;]<\/p>\n","protected":false},"featured_media":4587,"template":"","meta":{"_acf_changed":false,"inline_featured_image":false,"site-sidebar-layout":"default","site-content-layout":"default","ast-site-content-layout":"default","site-content-style":"default","site-sidebar-style":"default","ast-global-header-display":"","ast-banner-title-visibility":"","ast-main-header-display":"","ast-hfb-above-header-display":"","ast-hfb-below-header-display":"","ast-hfb-mobile-header-display":"","site-post-title":"","ast-breadcrumbs-content":"","ast-featured-img":"","footer-sml-layout":"","ast-disable-related-posts":"","theme-transparent-header-meta":"default","adv-header-id-meta":"","stick-header-meta":"","header-above-stick-meta":"","header-main-stick-meta":"","header-below-stick-meta":"","astra-migrate-meta-layouts":"set","ast-page-background-enabled":"default","ast-page-background-meta":{"desktop":{"background-color":"var(--ast-global-color-4)","background-image":"","background-repeat":"repeat","background-position":"center center","background-size":"auto","background-attachment":"scroll","background-type":"","background-media":"","overlay-type":"","overlay-color":"","overlay-opacity":"","overlay-gradient":""},"tablet":{"background-color":"","background-image":"","background-repeat":"repeat","background-position":"center center","background-size":"auto","background-attachment":"scroll","background-type":"","background-media":"","overlay-type":"","overlay-color":"","overlay-opacity":"","overlay-gradient":""},"mobile":{"background-color":"","background-image":"","background-repeat":"repeat","background-position":"center center","background-size":"auto","background-attachment":"scroll","background-type":"","background-media":"","overlay-type":"","overlay-color":"","overlay-opacity":"","overlay-gradient":""}},"ast-content-background-meta":{"desktop":{"background-color":"var(--ast-global-color-5)","background-image":"","background-repeat":"repeat","background-position":"center center","background-size":"auto","background-attachment":"scroll","background-type":"","background-media":"","overlay-type":"","overlay-color":"","overlay-opacity":"","overlay-gradient":""},"tablet":{"background-color":"var(--ast-global-color-5)","background-image":"","background-repeat":"repeat","background-position":"center center","background-size":"auto","background-attachment":"scroll","background-type":"","background-media":"","overlay-type":"","overlay-color":"","overlay-opacity":"","overlay-gradient":""},"mobile":{"background-color":"var(--ast-global-color-5)","background-image":"","background-repeat":"repeat","background-position":"center center","background-size":"auto","background-attachment":"scroll","background-type":"","background-media":"","overlay-type":"","overlay-color":"","overlay-opacity":"","overlay-gradient":""}}},"product_brand":[],"product_cat":[131],"product_tag":[],"class_list":{"0":"post-6633","1":"product","2":"type-product","3":"status-publish","4":"has-post-thumbnail","6":"product_cat-soins-du-corps","7":"desktop-align-left","8":"tablet-align-left","9":"mobile-align-left","11":"first","12":"instock","13":"purchasable","14":"product-type-simple"},"acf":[],"_links":{"self":[{"href":"https:\/\/yvonneliebster.com\/fr\/wp-json\/wp\/v2\/product\/6633","targetHints":{"allow":["GET"]}}],"collection":[{"href":"https:\/\/yvonneliebster.com\/fr\/wp-json\/wp\/v2\/product"}],"about":[{"href":"https:\/\/yvonneliebster.com\/fr\/wp-json\/wp\/v2\/types\/product"}],"version-history":[{"count":6,"href":"https:\/\/yvonneliebster.com\/fr\/wp-json\/wp\/v2\/product\/6633\/revisions"}],"predecessor-version":[{"id":7028,"href":"https:\/\/yvonneliebster.com\/fr\/wp-json\/wp\/v2\/product\/6633\/revisions\/7028"}],"wp:featuredmedia":[{"embeddable":true,"href":"https:\/\/yvonneliebster.com\/fr\/wp-json\/wp\/v2\/media\/4587"}],"wp:attachment":[{"href":"https:\/\/yvonneliebster.com\/fr\/wp-json\/wp\/v2\/media?parent=6633"}],"wp:term":[{"taxonomy":"product_brand","embeddable":true,"href":"https:\/\/yvonneliebster.com\/fr\/wp-json\/wp\/v2\/product_brand?post=6633"},{"taxonomy":"product_cat","embeddable":true,"href":"https:\/\/yvonneliebster.com\/fr\/wp-json\/wp\/v2\/product_cat?post=6633"},{"taxonomy":"product_tag","embeddable":true,"href":"https:\/\/yvonneliebster.com\/fr\/wp-json\/wp\/v2\/product_tag?post=6633"}],"curies":[{"name":"wp","href":"https:\/\/api.w.org\/{rel}","templated":true}]}}