{"id":6645,"date":"2021-12-22T09:49:54","date_gmt":"2021-12-22T09:49:54","guid":{"rendered":"https:\/\/yvonneliebster.com\/producto\/massage-jambes-fatiguees\/"},"modified":"2025-09-12T11:02:13","modified_gmt":"2025-09-12T11:02:13","slug":"massage-jambes-fatiguees","status":"publish","type":"product","link":"https:\/\/yvonneliebster.com\/fr\/producto\/massage-jambes-fatiguees\/","title":{"rendered":"Massage Jambes Fatigu\u00e9es"},"content":{"rendered":"<p>Revitalisez vos jambes fatigu\u00e9es gr\u00e2ce \u00e0 notre massage th\u00e9rapeutique \u00e0 la menthe. La combinaison parfaite pour soulager la fatigue et la lourdeur, gr\u00e2ce aux propri\u00e9t\u00e9s rafra\u00eechissantes et analg\u00e9siques de la menthe poivr\u00e9e et aux bienfaits du massage th\u00e9rapeutique. Sentez vos jambes l\u00e9g\u00e8res et renouvel\u00e9es ! .<\/p>\n","protected":false},"excerpt":{"rendered":"<p>Revitalisez vos jambes fatigu\u00e9es gr\u00e2ce \u00e0 notre massage th\u00e9rapeutique \u00e0 la menthe. La combinaison parfaite pour soulager la fatigue et la lourdeur, gr\u00e2ce aux propri\u00e9t\u00e9s rafra\u00eechissantes et analg\u00e9siques de la menthe poivr\u00e9e et aux bienfaits du massage th\u00e9rapeutique. Sentez vos jambes l\u00e9g\u00e8res et renouvel\u00e9es ! .<\/p>\n","protected":false},"featured_media":4612,"template":"","meta":{"_acf_changed":false,"inline_featured_image":false,"site-sidebar-layout":"default","site-content-layout":"","ast-site-content-layout":"default","site-content-style":"default","site-sidebar-style":"default","ast-global-header-display":"","ast-banner-title-visibility":"","ast-main-header-display":"","ast-hfb-above-header-display":"","ast-hfb-below-header-display":"","ast-hfb-mobile-header-display":"","site-post-title":"","ast-breadcrumbs-content":"","ast-featured-img":"","footer-sml-layout":"","ast-disable-related-posts":"","theme-transparent-header-meta":"default","adv-header-id-meta":"","stick-header-meta":"","header-above-stick-meta":"","header-main-stick-meta":"","header-below-stick-meta":"","astra-migrate-meta-layouts":"set","ast-page-background-enabled":"default","ast-page-background-meta":{"desktop":{"background-color":"var(--ast-global-color-4)","background-image":"","background-repeat":"repeat","background-position":"center center","background-size":"auto","background-attachment":"scroll","background-type":"","background-media":"","overlay-type":"","overlay-color":"","overlay-opacity":"","overlay-gradient":""},"tablet":{"background-color":"","background-image":"","background-repeat":"repeat","background-position":"center center","background-size":"auto","background-attachment":"scroll","background-type":"","background-media":"","overlay-type":"","overlay-color":"","overlay-opacity":"","overlay-gradient":""},"mobile":{"background-color":"","background-image":"","background-repeat":"repeat","background-position":"center center","background-size":"auto","background-attachment":"scroll","background-type":"","background-media":"","overlay-type":"","overlay-color":"","overlay-opacity":"","overlay-gradient":""}},"ast-content-background-meta":{"desktop":{"background-color":"var(--ast-global-color-5)","background-image":"","background-repeat":"repeat","background-position":"center center","background-size":"auto","background-attachment":"scroll","background-type":"","background-media":"","overlay-type":"","overlay-color":"","overlay-opacity":"","overlay-gradient":""},"tablet":{"background-color":"var(--ast-global-color-5)","background-image":"","background-repeat":"repeat","background-position":"center center","background-size":"auto","background-attachment":"scroll","background-type":"","background-media":"","overlay-type":"","overlay-color":"","overlay-opacity":"","overlay-gradient":""},"mobile":{"background-color":"var(--ast-global-color-5)","background-image":"","background-repeat":"repeat","background-position":"center center","background-size":"auto","background-attachment":"scroll","background-type":"","background-media":"","overlay-type":"","overlay-color":"","overlay-opacity":"","overlay-gradient":""}}},"product_brand":[],"product_cat":[130],"product_tag":[],"class_list":{"0":"post-6645","1":"product","2":"type-product","3":"status-publish","4":"has-post-thumbnail","6":"product_cat-massage","7":"desktop-align-left","8":"tablet-align-left","9":"mobile-align-left","11":"first","12":"instock","13":"purchasable","14":"product-type-simple"},"acf":[],"_links":{"self":[{"href":"https:\/\/yvonneliebster.com\/fr\/wp-json\/wp\/v2\/product\/6645","targetHints":{"allow":["GET"]}}],"collection":[{"href":"https:\/\/yvonneliebster.com\/fr\/wp-json\/wp\/v2\/product"}],"about":[{"href":"https:\/\/yvonneliebster.com\/fr\/wp-json\/wp\/v2\/types\/product"}],"version-history":[{"count":2,"href":"https:\/\/yvonneliebster.com\/fr\/wp-json\/wp\/v2\/product\/6645\/revisions"}],"predecessor-version":[{"id":6918,"href":"https:\/\/yvonneliebster.com\/fr\/wp-json\/wp\/v2\/product\/6645\/revisions\/6918"}],"wp:featuredmedia":[{"embeddable":true,"href":"https:\/\/yvonneliebster.com\/fr\/wp-json\/wp\/v2\/media\/4612"}],"wp:attachment":[{"href":"https:\/\/yvonneliebster.com\/fr\/wp-json\/wp\/v2\/media?parent=6645"}],"wp:term":[{"taxonomy":"product_brand","embeddable":true,"href":"https:\/\/yvonneliebster.com\/fr\/wp-json\/wp\/v2\/product_brand?post=6645"},{"taxonomy":"product_cat","embeddable":true,"href":"https:\/\/yvonneliebster.com\/fr\/wp-json\/wp\/v2\/product_cat?post=6645"},{"taxonomy":"product_tag","embeddable":true,"href":"https:\/\/yvonneliebster.com\/fr\/wp-json\/wp\/v2\/product_tag?post=6645"}],"curies":[{"name":"wp","href":"https:\/\/api.w.org\/{rel}","templated":true}]}}