{"id":6658,"date":"2025-03-01T09:49:54","date_gmt":"2025-03-01T09:49:54","guid":{"rendered":"https:\/\/yvonneliebster.com\/producto\/massage-intensif-anti-cellulite\/"},"modified":"2025-09-12T11:18:41","modified_gmt":"2025-09-12T11:18:41","slug":"massage-intensif-anti-cellulite","status":"publish","type":"product","link":"https:\/\/yvonneliebster.com\/fr\/producto\/massage-intensif-anti-cellulite\/","title":{"rendered":"Massage intensif anti-cellulite"},"content":{"rendered":"<p><span style=\"font-size: 16px; font-style: normal; font-weight: 400;\">Transformez l&rsquo;apparence de votre peau gr\u00e2ce \u00e0 notre massage professionnel anti-cellulite. Gr\u00e2ce \u00e0 une technique sp\u00e9cialis\u00e9e, nous mobilisons les couches de la peau pour activer la circulation, drainer les toxines et lisser la texture irr\u00e9guli\u00e8re de la cellulite.<br \/>\nUn pas vers le bien-\u00eatre et une peau plus lisse ! ! .<\/span><\/p>\n","protected":false},"excerpt":{"rendered":"<p>Transformez l&rsquo;apparence de votre peau gr\u00e2ce \u00e0 notre massage professionnel anti-cellulite. Gr\u00e2ce \u00e0 une technique sp\u00e9cialis\u00e9e, nous mobilisons les couches de la peau pour activer la circulation, drainer les toxines et lisser la texture irr\u00e9guli\u00e8re de la cellulite. Un pas vers le bien-\u00eatre et une peau plus lisse ! ! .<\/p>\n","protected":false},"featured_media":4601,"template":"","meta":{"_acf_changed":false,"inline_featured_image":false,"site-sidebar-layout":"default","site-content-layout":"default","ast-site-content-layout":"default","site-content-style":"default","site-sidebar-style":"default","ast-global-header-display":"","ast-banner-title-visibility":"","ast-main-header-display":"","ast-hfb-above-header-display":"","ast-hfb-below-header-display":"","ast-hfb-mobile-header-display":"","site-post-title":"","ast-breadcrumbs-content":"","ast-featured-img":"","footer-sml-layout":"","ast-disable-related-posts":"","theme-transparent-header-meta":"default","adv-header-id-meta":"","stick-header-meta":"","header-above-stick-meta":"","header-main-stick-meta":"","header-below-stick-meta":"","astra-migrate-meta-layouts":"set","ast-page-background-enabled":"default","ast-page-background-meta":{"desktop":{"background-color":"var(--ast-global-color-4)","background-image":"","background-repeat":"repeat","background-position":"center center","background-size":"auto","background-attachment":"scroll","background-type":"","background-media":"","overlay-type":"","overlay-color":"","overlay-opacity":"","overlay-gradient":""},"tablet":{"background-color":"","background-image":"","background-repeat":"repeat","background-position":"center center","background-size":"auto","background-attachment":"scroll","background-type":"","background-media":"","overlay-type":"","overlay-color":"","overlay-opacity":"","overlay-gradient":""},"mobile":{"background-color":"","background-image":"","background-repeat":"repeat","background-position":"center center","background-size":"auto","background-attachment":"scroll","background-type":"","background-media":"","overlay-type":"","overlay-color":"","overlay-opacity":"","overlay-gradient":""}},"ast-content-background-meta":{"desktop":{"background-color":"var(--ast-global-color-5)","background-image":"","background-repeat":"repeat","background-position":"center center","background-size":"auto","background-attachment":"scroll","background-type":"","background-media":"","overlay-type":"","overlay-color":"","overlay-opacity":"","overlay-gradient":""},"tablet":{"background-color":"var(--ast-global-color-5)","background-image":"","background-repeat":"repeat","background-position":"center center","background-size":"auto","background-attachment":"scroll","background-type":"","background-media":"","overlay-type":"","overlay-color":"","overlay-opacity":"","overlay-gradient":""},"mobile":{"background-color":"var(--ast-global-color-5)","background-image":"","background-repeat":"repeat","background-position":"center center","background-size":"auto","background-attachment":"scroll","background-type":"","background-media":"","overlay-type":"","overlay-color":"","overlay-opacity":"","overlay-gradient":""}}},"product_brand":[],"product_cat":[130],"product_tag":[],"class_list":{"0":"post-6658","1":"product","2":"type-product","3":"status-publish","4":"has-post-thumbnail","6":"product_cat-massage","7":"desktop-align-left","8":"tablet-align-left","9":"mobile-align-left","11":"first","12":"instock","13":"purchasable","14":"product-type-simple"},"acf":[],"_links":{"self":[{"href":"https:\/\/yvonneliebster.com\/fr\/wp-json\/wp\/v2\/product\/6658","targetHints":{"allow":["GET"]}}],"collection":[{"href":"https:\/\/yvonneliebster.com\/fr\/wp-json\/wp\/v2\/product"}],"about":[{"href":"https:\/\/yvonneliebster.com\/fr\/wp-json\/wp\/v2\/types\/product"}],"version-history":[{"count":1,"href":"https:\/\/yvonneliebster.com\/fr\/wp-json\/wp\/v2\/product\/6658\/revisions"}],"predecessor-version":[{"id":6945,"href":"https:\/\/yvonneliebster.com\/fr\/wp-json\/wp\/v2\/product\/6658\/revisions\/6945"}],"wp:featuredmedia":[{"embeddable":true,"href":"https:\/\/yvonneliebster.com\/fr\/wp-json\/wp\/v2\/media\/4601"}],"wp:attachment":[{"href":"https:\/\/yvonneliebster.com\/fr\/wp-json\/wp\/v2\/media?parent=6658"}],"wp:term":[{"taxonomy":"product_brand","embeddable":true,"href":"https:\/\/yvonneliebster.com\/fr\/wp-json\/wp\/v2\/product_brand?post=6658"},{"taxonomy":"product_cat","embeddable":true,"href":"https:\/\/yvonneliebster.com\/fr\/wp-json\/wp\/v2\/product_cat?post=6658"},{"taxonomy":"product_tag","embeddable":true,"href":"https:\/\/yvonneliebster.com\/fr\/wp-json\/wp\/v2\/product_tag?post=6658"}],"curies":[{"name":"wp","href":"https:\/\/api.w.org\/{rel}","templated":true}]}}